{"id":4029,"date":"2022-01-11T17:13:18","date_gmt":"2022-01-11T16:13:18","guid":{"rendered":"https:\/\/hundertweinhaus.com\/?post_type=product&#038;p=4029"},"modified":"2026-04-20T09:14:08","modified_gmt":"2026-04-20T07:14:08","slug":"toerley-excellence-chardonnay-extra-sec","status":"publish","type":"product","link":"https:\/\/hundertweinhaus.com\/?product=toerley-excellence-chardonnay-extra-sec","title":{"rendered":"T\u00f6rley Excellence Chardonnay Extra Sec"},"content":{"rendered":"<p>Rebsorte: Chardonnay<\/p>\n<p>Alkoholgehalt: 12.5 %<\/p>\n<p>Zuckergehalt: 14 g\/l<\/p>\n<p>S\u00e4uregehalt: 6 g\/l<\/p>\n<p>Speiseempfehlung: zu Aperitif, kalte Fleischgerichte<\/p>\n<p>Empfohlene Trinktemperatur: 6-8 \u00b0 C<\/p>\n","protected":false},"excerpt":{"rendered":"<p>Der einzige au\u00dfergew\u00f6hnlich trockene T\u00f6rley. Der Grundwein ist Chardonnay, ein Klassiker in der Champagnerherstellung, der die Sch\u00f6nheiten frischer Trauben verk\u00f6rpert. Als Champagner-Variet\u00e4t begr\u00fc\u00dfen die frischen, frischen S\u00e4uren des Chardonnay-Grundweins die Liebhaber trockener Champagner mit ihren wunderbaren Aromen und Geschmacksrichtungen. Die fein verteilten Bl\u00e4schen steigen wie eine Perlengirlande aus dem ins Glas gef\u00fcllten Getr\u00e4nk auf.<\/p>\n","protected":false},"featured_media":4447,"comment_status":"open","ping_status":"closed","template":"","meta":{"_et_pb_use_builder":"","_et_pb_old_content":"","_et_gb_content_width":""},"_links":{"self":[{"href":"https:\/\/hundertweinhaus.com\/index.php?rest_route=\/wp\/v2\/product\/4029"}],"collection":[{"href":"https:\/\/hundertweinhaus.com\/index.php?rest_route=\/wp\/v2\/product"}],"about":[{"href":"https:\/\/hundertweinhaus.com\/index.php?rest_route=\/wp\/v2\/types\/product"}],"replies":[{"embeddable":true,"href":"https:\/\/hundertweinhaus.com\/index.php?rest_route=%2Fwp%2Fv2%2Fcomments&post=4029"}],"wp:featuredmedia":[{"embeddable":true,"href":"https:\/\/hundertweinhaus.com\/index.php?rest_route=\/wp\/v2\/media\/4447"}],"wp:attachment":[{"href":"https:\/\/hundertweinhaus.com\/index.php?rest_route=%2Fwp%2Fv2%2Fmedia&parent=4029"}],"curies":[{"name":"wp","href":"https:\/\/api.w.org\/{rel}","templated":true}]}}