{"id":4061,"date":"2022-03-05T12:09:11","date_gmt":"2022-03-05T11:09:11","guid":{"rendered":"https:\/\/hundertweinhaus.com\/?post_type=product&#038;p=4061"},"modified":"2025-02-15T13:54:28","modified_gmt":"2025-02-15T12:54:28","slug":"jammertal-blue-sky-2012","status":"publish","type":"product","link":"https:\/\/hundertweinhaus.com\/?product=jammertal-blue-sky-2012","title":{"rendered":"Jammertal Blue Sky 2020, PDO Vill\u00e1ny"},"content":{"rendered":"<p>Rebsorte: Cabernet Franc, Cabernet Sauvignon, Merlot<\/p>\n<p>Alkoholgehalt: 14,5 % Vol.<\/p>\n<p>Zuckergehalt: 1.2 g\/l<\/p>\n<p>S\u00e4uregehalt: 5.6 g\/l<\/p>\n<p>Flaschengr\u00f6sse: 75 cl<\/p>\n<p>Speiseempfehlung: Fleischgerichte, Grilladen und einfach so zum Spass haben<\/p>\n<p>Empfohlene Trinktemperatur: 16 &#8211; 18 \u00b0 C<\/p>\n<p>Trinkreife: bis 2030<\/p>\n","protected":false},"excerpt":{"rendered":"<p>Ein kraftvoller Cabernet Sauvignon ist die Grundlage dieses Weines; Merlot sorgt f\u00fcr elegante Tannine und Cabernet Franc verleiht dem Geschmack zus\u00e4tzliche Tiefe. Leicht zu verstehen und genissen Sie seine gro\u00dfe Komplexit\u00e4t. Eine elegante und sch\u00f6ne Bordeaux-Mischung, in der die Aromen von Brombeeren, Heidelbeeren und Kirschen vibrieren und mit den Schokoladennoten aus der Reifung in kleinen F\u00e4ssern harmonieren.<\/p>\n","protected":false},"featured_media":4087,"comment_status":"open","ping_status":"closed","template":"","meta":{"_et_pb_use_builder":"","_et_pb_old_content":"","_et_gb_content_width":""},"_links":{"self":[{"href":"https:\/\/hundertweinhaus.com\/index.php?rest_route=\/wp\/v2\/product\/4061"}],"collection":[{"href":"https:\/\/hundertweinhaus.com\/index.php?rest_route=\/wp\/v2\/product"}],"about":[{"href":"https:\/\/hundertweinhaus.com\/index.php?rest_route=\/wp\/v2\/types\/product"}],"replies":[{"embeddable":true,"href":"https:\/\/hundertweinhaus.com\/index.php?rest_route=%2Fwp%2Fv2%2Fcomments&post=4061"}],"wp:featuredmedia":[{"embeddable":true,"href":"https:\/\/hundertweinhaus.com\/index.php?rest_route=\/wp\/v2\/media\/4087"}],"wp:attachment":[{"href":"https:\/\/hundertweinhaus.com\/index.php?rest_route=%2Fwp%2Fv2%2Fmedia&parent=4061"}],"curies":[{"name":"wp","href":"https:\/\/api.w.org\/{rel}","templated":true}]}}