{"id":4065,"date":"2022-03-05T12:25:16","date_gmt":"2022-03-05T11:25:16","guid":{"rendered":"https:\/\/hundertweinhaus.com\/?post_type=product&#038;p=4065"},"modified":"2025-02-15T13:48:21","modified_gmt":"2025-02-15T12:48:21","slug":"jammertal-cassiopeia-cabernet-franc-2012","status":"publish","type":"product","link":"https:\/\/hundertweinhaus.com\/?product=jammertal-cassiopeia-cabernet-franc-2012","title":{"rendered":"Jammertal Cassiopeia Franc 2012, PDO Vill\u00e1ny"},"content":{"rendered":"<p>Rebsorte: Cabernet Franc<\/p>\n<p>Alkoholgehalt: 15 % Vol.<\/p>\n<p>Zuckergehalt: n.n g\/l<\/p>\n<p>S\u00e4uregehalt: n.n g\/l<\/p>\n<p>Flaschengr\u00f6sse: 75 cl<\/p>\n<p>Speiseempfehlung: Lamm, Rind, Wild, und einfach so zum geniessen<\/p>\n<p>Empfohlene Trinktemperatur: 16 &#8211; 18 \u00b0 C<\/p>\n<p>Trinkreife: bis 2030<\/p>\n","protected":false},"excerpt":{"rendered":"<p><span class=\"role-info role-info-normal paywall_376377\">Fester, rauchiger, tabakiger und nach reifen schwarzen und roten Beeren mit speckigen Ankl\u00e4ngen, ein wenig Trockenkr\u00e4utern, Fleisch und rotem Paprika. Reife, teils angetrocknet wirkende, warme Frucht, nussige, r\u00f6stige und leicht kaffeew\u00fcrzige T\u00f6ne, m\u00fcrb-sandiges Tannin, ein wenig Salz im Hintergrund, rauchig-speckige Ankl\u00e4nge, ein Hauch Pfeffer, ledrige Noten, sehr guter Abgang. <\/span><\/p>\n","protected":false},"featured_media":4066,"comment_status":"open","ping_status":"closed","template":"","meta":{"_et_pb_use_builder":"","_et_pb_old_content":"","_et_gb_content_width":""},"_links":{"self":[{"href":"https:\/\/hundertweinhaus.com\/index.php?rest_route=\/wp\/v2\/product\/4065"}],"collection":[{"href":"https:\/\/hundertweinhaus.com\/index.php?rest_route=\/wp\/v2\/product"}],"about":[{"href":"https:\/\/hundertweinhaus.com\/index.php?rest_route=\/wp\/v2\/types\/product"}],"replies":[{"embeddable":true,"href":"https:\/\/hundertweinhaus.com\/index.php?rest_route=%2Fwp%2Fv2%2Fcomments&post=4065"}],"wp:featuredmedia":[{"embeddable":true,"href":"https:\/\/hundertweinhaus.com\/index.php?rest_route=\/wp\/v2\/media\/4066"}],"wp:attachment":[{"href":"https:\/\/hundertweinhaus.com\/index.php?rest_route=%2Fwp%2Fv2%2Fmedia&parent=4065"}],"curies":[{"name":"wp","href":"https:\/\/api.w.org\/{rel}","templated":true}]}}