{"id":4067,"date":"2022-03-05T12:41:26","date_gmt":"2022-03-05T11:41:26","guid":{"rendered":"https:\/\/hundertweinhaus.com\/?post_type=product&#038;p=4067"},"modified":"2025-02-15T13:42:05","modified_gmt":"2025-02-15T12:42:05","slug":"jammertal-koh-i-noor-cabernet-franc-2011","status":"publish","type":"product","link":"https:\/\/hundertweinhaus.com\/?product=jammertal-koh-i-noor-cabernet-franc-2011","title":{"rendered":"Jammertal Koh-I-Noor Cabernet Franc 2011, PDO Vill\u00e1ny"},"content":{"rendered":"<p>Rebsorte: Cabernet Franc<\/p>\n<p>Alkoholgehalt: 15,5 % Vol.<\/p>\n<p>Zuckergehalt: n.n g\/l<\/p>\n<p>S\u00e4uregehalt: n.n g\/l<\/p>\n<p>Flaschengr\u00f6sse: 75 cl<\/p>\n<p>Speiseempfehlung: Lamm, Rind, Wild, und einfach so zum geniessen<\/p>\n<p>Empfohlene Trinktemperatur: 16 &#8211; 18 \u00b0 C<\/p>\n<p>Trinkreife: bis 2030<\/p>\n","protected":false},"excerpt":{"rendered":"<p>Kr\u00e4ftiger animierender Duft nach Traubenlik\u00f6r, Kirschkonfit\u00fcre, Sanddorn, mit einer interessanten kleinen Minznote; weich-milder, \u00fcppiger, reifer K\u00f6rper mit gut unterlegter Frucht, leicht rauchig, was sich alles im Finish nochmals kr\u00e4ftig meldet, mit langem Abgang. Ausgezeichnet zu rotem Fleisch sowie Wild.<\/p>\n","protected":false},"featured_media":4083,"comment_status":"open","ping_status":"closed","template":"","meta":{"_et_pb_use_builder":"","_et_pb_old_content":"","_et_gb_content_width":""},"_links":{"self":[{"href":"https:\/\/hundertweinhaus.com\/index.php?rest_route=\/wp\/v2\/product\/4067"}],"collection":[{"href":"https:\/\/hundertweinhaus.com\/index.php?rest_route=\/wp\/v2\/product"}],"about":[{"href":"https:\/\/hundertweinhaus.com\/index.php?rest_route=\/wp\/v2\/types\/product"}],"replies":[{"embeddable":true,"href":"https:\/\/hundertweinhaus.com\/index.php?rest_route=%2Fwp%2Fv2%2Fcomments&post=4067"}],"wp:featuredmedia":[{"embeddable":true,"href":"https:\/\/hundertweinhaus.com\/index.php?rest_route=\/wp\/v2\/media\/4083"}],"wp:attachment":[{"href":"https:\/\/hundertweinhaus.com\/index.php?rest_route=%2Fwp%2Fv2%2Fmedia&parent=4067"}],"curies":[{"name":"wp","href":"https:\/\/api.w.org\/{rel}","templated":true}]}}