{"id":4068,"date":"2022-03-05T12:45:55","date_gmt":"2022-03-05T11:45:55","guid":{"rendered":"https:\/\/hundertweinhaus.com\/?post_type=product&#038;p=4068"},"modified":"2025-02-15T13:41:11","modified_gmt":"2025-02-15T12:41:11","slug":"jammertal-koh-i-noor-merlot-2011","status":"publish","type":"product","link":"https:\/\/hundertweinhaus.com\/?product=jammertal-koh-i-noor-merlot-2011","title":{"rendered":"Jammertal Koh-I-Noor Merlot 2011, PDO Vill\u00e1ny"},"content":{"rendered":"<p>Rebsorte: Merlot<\/p>\n<p>Alkoholgehalt: 16 % Vol.<\/p>\n<p>Zuckergehalt: n.n g\/l<\/p>\n<p>S\u00e4uregehalt: n.n g\/l<\/p>\n<p>Flaschengr\u00f6sse: 75 cl<\/p>\n<p>Speiseempfehlung: Lamm, Rind, Wild, Zartbitterschokoladendessert und einfach so zum geniessen mit einer Zigarre<\/p>\n<p>Empfohlene Trinktemperatur: 16 &#8211; 18 \u00b0 C<\/p>\n<p>Trinkreife: bis 2030<\/p>\n","protected":false},"excerpt":{"rendered":"<p>Feiner, tiefer Duft mit Ankl\u00e4ngen an Heidelbeerkompott, Pflaumenmus, Leder, Kr\u00e4uterbonbons; sauberer absolut stimmiger Rotweink\u00f6rper; saftiges Finish mit kr\u00e4ftig nachklingenden Tanninen.<\/p>\n","protected":false},"featured_media":4069,"comment_status":"open","ping_status":"closed","template":"","meta":{"_et_pb_use_builder":"","_et_pb_old_content":"","_et_gb_content_width":""},"_links":{"self":[{"href":"https:\/\/hundertweinhaus.com\/index.php?rest_route=\/wp\/v2\/product\/4068"}],"collection":[{"href":"https:\/\/hundertweinhaus.com\/index.php?rest_route=\/wp\/v2\/product"}],"about":[{"href":"https:\/\/hundertweinhaus.com\/index.php?rest_route=\/wp\/v2\/types\/product"}],"replies":[{"embeddable":true,"href":"https:\/\/hundertweinhaus.com\/index.php?rest_route=%2Fwp%2Fv2%2Fcomments&post=4068"}],"wp:featuredmedia":[{"embeddable":true,"href":"https:\/\/hundertweinhaus.com\/index.php?rest_route=\/wp\/v2\/media\/4069"}],"wp:attachment":[{"href":"https:\/\/hundertweinhaus.com\/index.php?rest_route=%2Fwp%2Fv2%2Fmedia&parent=4068"}],"curies":[{"name":"wp","href":"https:\/\/api.w.org\/{rel}","templated":true}]}}