{"id":4070,"date":"2022-03-05T13:51:39","date_gmt":"2022-03-05T12:51:39","guid":{"rendered":"https:\/\/hundertweinhaus.com\/?post_type=product&#038;p=4070"},"modified":"2025-02-15T13:38:06","modified_gmt":"2025-02-15T12:38:06","slug":"kikelet-tokaji-furmint-birtok-2019-tokaj-pdo","status":"publish","type":"product","link":"https:\/\/hundertweinhaus.com\/?product=kikelet-tokaji-furmint-birtok-2019-tokaj-pdo","title":{"rendered":"Tokaj Kikelet Tokaji Furmint Birtok 2019, PDO Tokaj"},"content":{"rendered":"<p>Rebsorte: Furmint<\/p>\n<p>Alkoholgehalt: 12,5 % Vol.<\/p>\n<p>Zuckergehalt: 5.0 g\/l<\/p>\n<p>S\u00e4uregehalt: 6.7 g\/l<\/p>\n<p>Flaschengr\u00f6sse: 75 cl<\/p>\n<p>Speiseempfehlung: Fisch, Poulet, asiatische Gerichte<\/p>\n<p>Empfohlene Trinktemperatur: 12 &#8211; 15 \u00b0 C<\/p>\n<p>Trinkreife: bis 2025<\/p>\n","protected":false},"excerpt":{"rendered":"<p>Sehr angenehmer Furmint, der nach Kr\u00e4utern, gelben \u00c4pfeln, wei\u00dffleischigen Fr\u00fcchten, Birnen, etwas wei\u00dfen Bl\u00fcten und Ananasnoten duftet. Es hat eine seidige, s\u00fc\u00dfe Linie im Geschmack, ist aber gleichzeitig markant und charakteristisch, mit hervorragenden Zitruss\u00e4uren, die ein sch\u00f6nes Reifepotential zeigen.<\/p>\n","protected":false},"featured_media":4071,"comment_status":"open","ping_status":"closed","template":"","meta":{"_et_pb_use_builder":"","_et_pb_old_content":"","_et_gb_content_width":""},"_links":{"self":[{"href":"https:\/\/hundertweinhaus.com\/index.php?rest_route=\/wp\/v2\/product\/4070"}],"collection":[{"href":"https:\/\/hundertweinhaus.com\/index.php?rest_route=\/wp\/v2\/product"}],"about":[{"href":"https:\/\/hundertweinhaus.com\/index.php?rest_route=\/wp\/v2\/types\/product"}],"replies":[{"embeddable":true,"href":"https:\/\/hundertweinhaus.com\/index.php?rest_route=%2Fwp%2Fv2%2Fcomments&post=4070"}],"wp:featuredmedia":[{"embeddable":true,"href":"https:\/\/hundertweinhaus.com\/index.php?rest_route=\/wp\/v2\/media\/4071"}],"wp:attachment":[{"href":"https:\/\/hundertweinhaus.com\/index.php?rest_route=%2Fwp%2Fv2%2Fmedia&parent=4070"}],"curies":[{"name":"wp","href":"https:\/\/api.w.org\/{rel}","templated":true}]}}