{"id":4075,"date":"2022-03-05T14:30:42","date_gmt":"2022-03-05T13:30:42","guid":{"rendered":"https:\/\/hundertweinhaus.com\/?post_type=product&#038;p=4075"},"modified":"2025-07-06T10:18:15","modified_gmt":"2025-07-06T08:18:15","slug":"bodri-kekfrankos-dueloe-selection-2018-szekszard-pdo","status":"publish","type":"product","link":"https:\/\/hundertweinhaus.com\/?product=bodri-kekfrankos-dueloe-selection-2018-szekszard-pdo","title":{"rendered":"Bodri K\u00e9kfrankos D\u00fcl\u00f6 Selection 2018, PDO Szeksz\u00e1rd"},"content":{"rendered":"<p>Rebsorte: Blaufr\u00e4nkisch<\/p>\n<p>Alkoholgehalt: 14 % Vol.<\/p>\n<p>Zuckergehalt: n.n g\/l<\/p>\n<p>S\u00e4uregehalt: n.n g\/l<\/p>\n<p>Flaschengr\u00f6sse: 75 cl<\/p>\n<p>Speiseempfehlung: Schafsk\u00e4segerichte, gebratener Leber oder Bratkartoffeln<\/p>\n<p>Empfohlene Trinktemperatur: 16 &#8211; 18 \u00b0 C<\/p>\n<p>Trinkreife: bis 2028<\/p>\n","protected":false},"excerpt":{"rendered":"<p>Unser Wein zeichnet sich durch eine wunderbar tiefe rubinrote Farbe, Kirsch-, Brombeeraroma und cremigen Geschmack aus, mit Vanille-Cognac-Obert\u00f6nen in Aroma und Geschmack. Mit 16-18 \u00b0C verspricht er ein idealer Begleiter zu Schafsk\u00e4segerichten, einem guten kleinen Brassola, gebratener Leber oder Bratkartoffeln zu sein.<\/p>\n","protected":false},"featured_media":4076,"comment_status":"open","ping_status":"closed","template":"","meta":{"_et_pb_use_builder":"","_et_pb_old_content":"","_et_gb_content_width":""},"_links":{"self":[{"href":"https:\/\/hundertweinhaus.com\/index.php?rest_route=\/wp\/v2\/product\/4075"}],"collection":[{"href":"https:\/\/hundertweinhaus.com\/index.php?rest_route=\/wp\/v2\/product"}],"about":[{"href":"https:\/\/hundertweinhaus.com\/index.php?rest_route=\/wp\/v2\/types\/product"}],"replies":[{"embeddable":true,"href":"https:\/\/hundertweinhaus.com\/index.php?rest_route=%2Fwp%2Fv2%2Fcomments&post=4075"}],"wp:featuredmedia":[{"embeddable":true,"href":"https:\/\/hundertweinhaus.com\/index.php?rest_route=\/wp\/v2\/media\/4076"}],"wp:attachment":[{"href":"https:\/\/hundertweinhaus.com\/index.php?rest_route=%2Fwp%2Fv2%2Fmedia&parent=4075"}],"curies":[{"name":"wp","href":"https:\/\/api.w.org\/{rel}","templated":true}]}}