{"id":4079,"date":"2022-03-05T15:08:44","date_gmt":"2022-03-05T14:08:44","guid":{"rendered":"https:\/\/hundertweinhaus.com\/?post_type=product&#038;p=4079"},"modified":"2025-06-02T13:18:29","modified_gmt":"2025-06-02T11:18:29","slug":"erzsebet-kiraly-dueloe-2019-tokaj-pdo","status":"publish","type":"product","link":"https:\/\/hundertweinhaus.com\/?product=erzsebet-kiraly-dueloe-2019-tokaj-pdo","title":{"rendered":"Erzs\u00e9bet Kir\u00e1ly D\u00fcl\u00f6 2019, PDO Tokaj"},"content":{"rendered":"<p>Rebsorte: Furmint<\/p>\n<p>Alkoholgehalt: 13 % Vol.<\/p>\n<p>Zuckergehalt: 4.1 g\/l<\/p>\n<p>S\u00e4uregehalt: 7.2 g\/l<\/p>\n<p>Flaschengr\u00f6sse: 75 cl<\/p>\n<p>Speiseempfehlung: Fisch, Huhn, Kalb, Rind, Schweinefleisch, Jakobsmuscheln, Spargel, Risotto, milde K\u00e4se, vegetarische Lasagne<\/p>\n<p>Empfohlene Trinktemperatur: 12 &#8211; 15 \u00b0 C<\/p>\n<p>Trinkreife: bis 2030<\/p>\n","protected":false},"excerpt":{"rendered":"<p>Dieser Wein verbindet Geschmackstiefe mit innerer Ausgewogenheit und Raffinesse. Kiralys Weinberg<br \/>\nCharakter ist in unseren Weinen von Jahr zu Jahr deutlich und bietet eine betr\u00e4chtliche Komplexit\u00e4t und Finesse,<br \/>\nmit ausgepr\u00e4gter Fruchtigkeit: wei\u00dfer Pfirsich, Ananas, Limette, Birne, Mango, Orange.<\/p>\n","protected":false},"featured_media":4080,"comment_status":"open","ping_status":"closed","template":"","meta":{"_et_pb_use_builder":"","_et_pb_old_content":"","_et_gb_content_width":""},"_links":{"self":[{"href":"https:\/\/hundertweinhaus.com\/index.php?rest_route=\/wp\/v2\/product\/4079"}],"collection":[{"href":"https:\/\/hundertweinhaus.com\/index.php?rest_route=\/wp\/v2\/product"}],"about":[{"href":"https:\/\/hundertweinhaus.com\/index.php?rest_route=\/wp\/v2\/types\/product"}],"replies":[{"embeddable":true,"href":"https:\/\/hundertweinhaus.com\/index.php?rest_route=%2Fwp%2Fv2%2Fcomments&post=4079"}],"wp:featuredmedia":[{"embeddable":true,"href":"https:\/\/hundertweinhaus.com\/index.php?rest_route=\/wp\/v2\/media\/4080"}],"wp:attachment":[{"href":"https:\/\/hundertweinhaus.com\/index.php?rest_route=%2Fwp%2Fv2%2Fmedia&parent=4079"}],"curies":[{"name":"wp","href":"https:\/\/api.w.org\/{rel}","templated":true}]}}