{"id":4081,"date":"2022-03-05T15:25:09","date_gmt":"2022-03-05T14:25:09","guid":{"rendered":"https:\/\/hundertweinhaus.com\/?post_type=product&#038;p=4081"},"modified":"2025-02-15T13:22:49","modified_gmt":"2025-02-15T12:22:49","slug":"erzsebet-zafir-dueloe-2020-tokaj-pdo","status":"publish","type":"product","link":"https:\/\/hundertweinhaus.com\/?product=erzsebet-zafir-dueloe-2020-tokaj-pdo","title":{"rendered":"Erzs\u00e9bet Zafir D\u00fcl\u00f6 2020, PDO Tokaj"},"content":{"rendered":"<p>Rebsorte: Furmint, H\u00e1rslevel\u00fc<\/p>\n<p>Alkoholgehalt: 12,5 % Vol.<\/p>\n<p>Zuckergehalt: 3.7 g\/l<\/p>\n<p>S\u00e4uregehalt: 6.8 g\/l<\/p>\n<p>Flaschengr\u00f6sse: 75 cl<\/p>\n<p>Speiseempfehlung: Gegrilltes H\u00fchnchen, gegrilltes Schweinefleisch, Salat mit Avocado und Mozzarella, gebratener Zander, hart gereifter K\u00e4se<\/p>\n<p>Empfohlene Trinktemperatur: 12 &#8211; 15 \u00b0 C<\/p>\n<p>Trinkreife: bis 2030<\/p>\n","protected":false},"excerpt":{"rendered":"<p>Bei den Weinen des Weinguts Zafir geht es um Eleganz, Nuancen und Finesse. Sie sind<br \/>\nim Allgemeinen leichter und weniger intensiv als die aus den Grand Crus des Mad-Beckens<br \/>\nKiraly und Betsek, aber manchmal ebenb\u00fcrtig \u2013 oder \u00fcbertreffen \u2013 sie in Bezug auf die Verfeinerung. Saphir<br \/>\nerbringt Weine mit charakteristischen blumig-fruchtigen Aromen und Geschmacksnoten, die an sie erinnern<br \/>\nOrangenbl\u00fcte und wei\u00dfer Pfirsich, mit Ankl\u00e4ngen von Birne, Honigmelone, Limette und Grapefruit.<\/p>\n","protected":false},"featured_media":4082,"comment_status":"open","ping_status":"closed","template":"","meta":{"_et_pb_use_builder":"","_et_pb_old_content":"","_et_gb_content_width":""},"_links":{"self":[{"href":"https:\/\/hundertweinhaus.com\/index.php?rest_route=\/wp\/v2\/product\/4081"}],"collection":[{"href":"https:\/\/hundertweinhaus.com\/index.php?rest_route=\/wp\/v2\/product"}],"about":[{"href":"https:\/\/hundertweinhaus.com\/index.php?rest_route=\/wp\/v2\/types\/product"}],"replies":[{"embeddable":true,"href":"https:\/\/hundertweinhaus.com\/index.php?rest_route=%2Fwp%2Fv2%2Fcomments&post=4081"}],"wp:featuredmedia":[{"embeddable":true,"href":"https:\/\/hundertweinhaus.com\/index.php?rest_route=\/wp\/v2\/media\/4082"}],"wp:attachment":[{"href":"https:\/\/hundertweinhaus.com\/index.php?rest_route=%2Fwp%2Fv2%2Fmedia&parent=4081"}],"curies":[{"name":"wp","href":"https:\/\/api.w.org\/{rel}","templated":true}]}}