{"id":414,"date":"2017-02-20T22:21:53","date_gmt":"2017-02-20T21:21:53","guid":{"rendered":"http:\/\/hundertweinhaus.fodof.eu\/shop\/thummerer-chardonnay-battonage-2013\/"},"modified":"2025-05-30T18:13:53","modified_gmt":"2025-05-30T16:13:53","slug":"thummerer-chardonnay-battonage-2013","status":"publish","type":"product","link":"https:\/\/hundertweinhaus.com\/?product=thummerer-chardonnay-battonage-2013","title":{"rendered":"Thummerer Chardonnay Battonage 2019, PDO Eger"},"content":{"rendered":"<p>Alkoholgehalt: 13.5 % Vol.<\/p>\n<p>Flaschengr\u00f6sse: 75 cl<\/p>\n<p>Speiseempfehlung: weisses Fleisch, Gefl\u00fcgel, Fisch, K\u00e4se und Pilzgerichten<\/p>\n<p>Empfohlene Trinktemperatur: \u00a09-10 \u00b0 C<\/p>\n<p><img decoding=\"async\" loading=\"lazy\" class=\"alignnone wp-image-902\" src=\"http:\/\/hundertweinhaus.fodof.eu\/wp-content\/uploads\/2017\/04\/Rajzt\u00e1bla-4-m\u00e1solat-9-300x300.jpg\" alt=\"\" width=\"99\" height=\"99\" srcset=\"https:\/\/hundertweinhaus.com\/wp-content\/uploads\/2017\/04\/Rajzt\u00e1bla-4-m\u00e1solat-9-300x300.jpg 300w, https:\/\/hundertweinhaus.com\/wp-content\/uploads\/2017\/04\/Rajzt\u00e1bla-4-m\u00e1solat-9-400x400.jpg 400w, https:\/\/hundertweinhaus.com\/wp-content\/uploads\/2017\/04\/Rajzt\u00e1bla-4-m\u00e1solat-9-100x100.jpg 100w, https:\/\/hundertweinhaus.com\/wp-content\/uploads\/2017\/04\/Rajzt\u00e1bla-4-m\u00e1solat-9-150x150.jpg 150w, https:\/\/hundertweinhaus.com\/wp-content\/uploads\/2017\/04\/Rajzt\u00e1bla-4-m\u00e1solat-9.jpg 500w\" sizes=\"(max-width: 99px) 100vw, 99px\" \/><img decoding=\"async\" loading=\"lazy\" class=\"alignnone wp-image-886\" src=\"http:\/\/hundertweinhaus.fodof.eu\/wp-content\/uploads\/2017\/04\/Rajzt\u00e1bla-4-300x300.jpg\" alt=\"\" width=\"99\" height=\"99\" srcset=\"https:\/\/hundertweinhaus.com\/wp-content\/uploads\/2017\/04\/Rajzt\u00e1bla-4-300x300.jpg 300w, https:\/\/hundertweinhaus.com\/wp-content\/uploads\/2017\/04\/Rajzt\u00e1bla-4-400x400.jpg 400w, https:\/\/hundertweinhaus.com\/wp-content\/uploads\/2017\/04\/Rajzt\u00e1bla-4-100x100.jpg 100w, https:\/\/hundertweinhaus.com\/wp-content\/uploads\/2017\/04\/Rajzt\u00e1bla-4-150x150.jpg 150w, https:\/\/hundertweinhaus.com\/wp-content\/uploads\/2017\/04\/Rajzt\u00e1bla-4.jpg 500w\" sizes=\"(max-width: 99px) 100vw, 99px\" \/><img decoding=\"async\" loading=\"lazy\" class=\"alignnone wp-image-890\" src=\"http:\/\/hundertweinhaus.fodof.eu\/wp-content\/uploads\/2017\/04\/Rajzt\u00e1bla-4-m\u00e1solat-300x300.jpg\" alt=\"\" width=\"99\" height=\"99\" srcset=\"https:\/\/hundertweinhaus.com\/wp-content\/uploads\/2017\/04\/Rajzt\u00e1bla-4-m\u00e1solat-300x300.jpg 300w, https:\/\/hundertweinhaus.com\/wp-content\/uploads\/2017\/04\/Rajzt\u00e1bla-4-m\u00e1solat-400x400.jpg 400w, https:\/\/hundertweinhaus.com\/wp-content\/uploads\/2017\/04\/Rajzt\u00e1bla-4-m\u00e1solat-100x100.jpg 100w, https:\/\/hundertweinhaus.com\/wp-content\/uploads\/2017\/04\/Rajzt\u00e1bla-4-m\u00e1solat-150x150.jpg 150w, https:\/\/hundertweinhaus.com\/wp-content\/uploads\/2017\/04\/Rajzt\u00e1bla-4-m\u00e1solat.jpg 500w\" sizes=\"(max-width: 99px) 100vw, 99px\" \/><\/p>\n<p>&nbsp;<\/p>\n","protected":false},"excerpt":{"rendered":"<p>Dieser Jahrgang hat nach\u00a0gute Reifung einen hohen\u00a0Zuckergehalt und sch\u00f6ne S\u00e4ure hervorgebracht. Nach der (malolaktischen) G\u00e4rung und ein regelm\u00e4\u00dfiges R\u00fchren ist ein sehr eleganter Wei\u00dfwein mit starkem K\u00f6rper geboren. \u00a0Ein fruchtiger, frischer und komplexer Wein mit Tiefe.<\/p>\n","protected":false},"featured_media":3066,"comment_status":"open","ping_status":"closed","template":"","meta":{"_et_pb_use_builder":"","_et_pb_old_content":"","_et_gb_content_width":""},"_links":{"self":[{"href":"https:\/\/hundertweinhaus.com\/index.php?rest_route=\/wp\/v2\/product\/414"}],"collection":[{"href":"https:\/\/hundertweinhaus.com\/index.php?rest_route=\/wp\/v2\/product"}],"about":[{"href":"https:\/\/hundertweinhaus.com\/index.php?rest_route=\/wp\/v2\/types\/product"}],"replies":[{"embeddable":true,"href":"https:\/\/hundertweinhaus.com\/index.php?rest_route=%2Fwp%2Fv2%2Fcomments&post=414"}],"wp:featuredmedia":[{"embeddable":true,"href":"https:\/\/hundertweinhaus.com\/index.php?rest_route=\/wp\/v2\/media\/3066"}],"wp:attachment":[{"href":"https:\/\/hundertweinhaus.com\/index.php?rest_route=%2Fwp%2Fv2%2Fmedia&parent=414"}],"curies":[{"name":"wp","href":"https:\/\/api.w.org\/{rel}","templated":true}]}}