{"id":4191,"date":"2024-03-03T12:38:14","date_gmt":"2024-03-03T11:38:14","guid":{"rendered":"https:\/\/hundertweinhaus.com\/?post_type=product&#038;p=4191"},"modified":"2026-04-20T10:45:19","modified_gmt":"2026-04-20T08:45:19","slug":"pajzos-tokaji-5-puttonyos-aszu-2017-tokaj-pdo","status":"publish","type":"product","link":"https:\/\/hundertweinhaus.com\/?product=pajzos-tokaji-5-puttonyos-aszu-2017-tokaj-pdo","title":{"rendered":"Pajzos Tokaji 5 Puttonyos Asz\u00fa 2017, PDO Tokaj"},"content":{"rendered":"<p>Rebsorten: Zeta, Furmint, H\u00e1rslevel\u00fc<\/p>\n<p>Alkoholgehalt: 11 % Vol.<\/p>\n<p>Zuckergehalt: 157 g\/l<\/p>\n<p>S\u00e4uregehalt: 8.08 g\/l<\/p>\n<p>Flaschengr\u00f6sse: 50 cl<\/p>\n<p>Speiseempfehlung: Experimentieren Sie nicht nur mit traditionellen G\u00e4nselebergerichten. Mit G\u00e4nsebraten, mit Kastanien gef\u00fclltem Fasan oder Orangenente servieren. Nat\u00fcrlich lohnt es sich auch, es mit den bekannten Nuss- und Mohndesserts zu probieren, aber auch eine katalanische Creme kann eine ausgezeichnete Wahl sein.<\/p>\n<p>Empfohlene Trinktemperatur: 10 \u00b0<\/p>\n","protected":false},"excerpt":{"rendered":"<p>Hinter den Marzipan- und Mandelnoten dominiert die Mineralit\u00e4t. Explosive Mineralit\u00e4t im Geschmack, wobei Marmelade, t\u00fcrkischer Honig und Steinobst die Hauptrolle spielen. Fester Schluck, mit langem, salzigem Abgang. Junger Asz\u00fa Wein mit gro\u00dfem Potenzial.<\/p>\n<p>&nbsp;<\/p>\n<p>&nbsp;<\/p>\n","protected":false},"featured_media":4192,"comment_status":"open","ping_status":"closed","template":"","meta":{"_et_pb_use_builder":"","_et_pb_old_content":"","_et_gb_content_width":""},"_links":{"self":[{"href":"https:\/\/hundertweinhaus.com\/index.php?rest_route=\/wp\/v2\/product\/4191"}],"collection":[{"href":"https:\/\/hundertweinhaus.com\/index.php?rest_route=\/wp\/v2\/product"}],"about":[{"href":"https:\/\/hundertweinhaus.com\/index.php?rest_route=\/wp\/v2\/types\/product"}],"replies":[{"embeddable":true,"href":"https:\/\/hundertweinhaus.com\/index.php?rest_route=%2Fwp%2Fv2%2Fcomments&post=4191"}],"wp:featuredmedia":[{"embeddable":true,"href":"https:\/\/hundertweinhaus.com\/index.php?rest_route=\/wp\/v2\/media\/4192"}],"wp:attachment":[{"href":"https:\/\/hundertweinhaus.com\/index.php?rest_route=%2Fwp%2Fv2%2Fmedia&parent=4191"}],"curies":[{"name":"wp","href":"https:\/\/api.w.org\/{rel}","templated":true}]}}