{"id":4207,"date":"2024-03-10T16:09:49","date_gmt":"2024-03-10T15:09:49","guid":{"rendered":"https:\/\/hundertweinhaus.com\/?post_type=product&#038;p=4207"},"modified":"2026-04-20T10:22:45","modified_gmt":"2026-04-20T08:22:45","slug":"a-gere-attila-cuvee-2017-villany-pdo","status":"publish","type":"product","link":"https:\/\/hundertweinhaus.com\/?product=a-gere-attila-cuvee-2017-villany-pdo","title":{"rendered":"A. Gere Attila Cuv\u00e9e 2017, PDO Vill\u00e1ny"},"content":{"rendered":"<p>Rebsorten: 50 % Cabernet Franc, 35 % Merlot, 15 % Cabernet Sauvignon<\/p>\n<p>Alkoholgehalt: 14.5 % Vol.<\/p>\n<p>Zuckergehalt: 1.8 g\/l<\/p>\n<p>S\u00e4uregehalt: 5.2 g\/l<\/p>\n<p>Flaschengr\u00f6sse: 75 cl.<\/p>\n<p>Speiseempfehlung: zu Rind- und Wildgerichten<\/p>\n<p>Trinkreife: bis 2035<\/p>\n","protected":false},"excerpt":{"rendered":"<p>Ein tiefdunkler Farbton verwandelt sich in schwarze, violette Reflex, Komplexes Aroma: schwarzer Kaffee, Hagebutten, Mineralien, geschnittene Gew\u00fcrze, rote Fr\u00fcchte und mehrere Ebenen. Lebendige, frische Fr\u00fcchte bei der Verkostung. Die Tannine und S\u00e4uren zeigen eine sch\u00f6ne Balance mit dem saftigen Charakter des Weines. Entr\u00fcmpelt, elegant mit der Komplexit\u00e4t der Attila-Weine und grosser Zukunft.<\/p>\n","protected":false},"featured_media":4224,"comment_status":"open","ping_status":"closed","template":"","meta":{"_et_pb_use_builder":"","_et_pb_old_content":"","_et_gb_content_width":""},"_links":{"self":[{"href":"https:\/\/hundertweinhaus.com\/index.php?rest_route=\/wp\/v2\/product\/4207"}],"collection":[{"href":"https:\/\/hundertweinhaus.com\/index.php?rest_route=\/wp\/v2\/product"}],"about":[{"href":"https:\/\/hundertweinhaus.com\/index.php?rest_route=\/wp\/v2\/types\/product"}],"replies":[{"embeddable":true,"href":"https:\/\/hundertweinhaus.com\/index.php?rest_route=%2Fwp%2Fv2%2Fcomments&post=4207"}],"wp:featuredmedia":[{"embeddable":true,"href":"https:\/\/hundertweinhaus.com\/index.php?rest_route=\/wp\/v2\/media\/4224"}],"wp:attachment":[{"href":"https:\/\/hundertweinhaus.com\/index.php?rest_route=%2Fwp%2Fv2%2Fmedia&parent=4207"}],"curies":[{"name":"wp","href":"https:\/\/api.w.org\/{rel}","templated":true}]}}