{"id":4208,"date":"2024-03-10T16:11:10","date_gmt":"2024-03-10T15:11:10","guid":{"rendered":"https:\/\/hundertweinhaus.com\/?post_type=product&#038;p=4208"},"modified":"2026-04-20T10:21:51","modified_gmt":"2026-04-20T08:21:51","slug":"a-gere-villanyi-franc-oerdoegarok-2018-villany-2018","status":"publish","type":"product","link":"https:\/\/hundertweinhaus.com\/?product=a-gere-villanyi-franc-oerdoegarok-2018-villany-2018","title":{"rendered":"A. Gere Vill\u00e1nyi Franc &#8220;\u00d6rd\u00f6g\u00e1rok&#8221; 2020, PDO Vill\u00e1ny"},"content":{"rendered":"<p>Rebsorten: 100 % Cabernet Franc<\/p>\n<p>Alkoholgehalt: 14.5 % Vol.<\/p>\n<p>Zuckergehalt: 1.4 g\/l<\/p>\n<p>S\u00e4uregehalt: 5.6 g\/l<\/p>\n<p>Flaschengr\u00f6sse: 75 cl.<\/p>\n<p>Speiseempfehlung: zu Rind- und Wildgerichte<\/p>\n<p>Trinkreife: bis 2034<\/p>\n","protected":false},"excerpt":{"rendered":"<p>Er\u00f6ffnet mit kalten Noten, haupts\u00e4chlich Brombeeren und reifen Waldfr\u00fcchten. Zimt, Kaffee und ein Hauch von Nelken in der Nase, die den Charakter noch verbl\u00fcffender machen. All dies konzentriert sich beim Verkosten in einem aromatischen Schluck. Die Eleganz der s\u00fcssen Fassgew\u00fcrzen und die lebendige, fruchtige Struktur des Jahrganges zeigen eine sch\u00f6ne Ausgewogenheit. Reife Aromen und feine Tannine zeigen seinen gegenw\u00e4rtigen Zustand, aber sein Inhalt l\u00e4sst mehr auf seine lange Zukunft schliessen.<\/p>\n","protected":false},"featured_media":4226,"comment_status":"open","ping_status":"closed","template":"","meta":{"_et_pb_use_builder":"","_et_pb_old_content":"","_et_gb_content_width":""},"_links":{"self":[{"href":"https:\/\/hundertweinhaus.com\/index.php?rest_route=\/wp\/v2\/product\/4208"}],"collection":[{"href":"https:\/\/hundertweinhaus.com\/index.php?rest_route=\/wp\/v2\/product"}],"about":[{"href":"https:\/\/hundertweinhaus.com\/index.php?rest_route=\/wp\/v2\/types\/product"}],"replies":[{"embeddable":true,"href":"https:\/\/hundertweinhaus.com\/index.php?rest_route=%2Fwp%2Fv2%2Fcomments&post=4208"}],"wp:featuredmedia":[{"embeddable":true,"href":"https:\/\/hundertweinhaus.com\/index.php?rest_route=\/wp\/v2\/media\/4226"}],"wp:attachment":[{"href":"https:\/\/hundertweinhaus.com\/index.php?rest_route=%2Fwp%2Fv2%2Fmedia&parent=4208"}],"curies":[{"name":"wp","href":"https:\/\/api.w.org\/{rel}","templated":true}]}}