{"id":4212,"date":"2026-04-20T10:11:51","date_gmt":"2026-04-20T08:11:51","guid":{"rendered":"https:\/\/hundertweinhaus.com\/?post_type=product&#038;p=4212"},"modified":"2026-04-20T10:11:51","modified_gmt":"2026-04-20T08:11:51","slug":"mad-sarga-muskotaly-gelber-muskateller-2021-pdo-tokaj","status":"publish","type":"product","link":"https:\/\/hundertweinhaus.com\/?product=mad-sarga-muskotaly-gelber-muskateller-2021-pdo-tokaj","title":{"rendered":"M\u00c1D S\u00e1rga Muskot\u00e1ly (Gelber Muskateller) 2021, PDO Tokaj"},"content":{"rendered":"<p>Rebsorten: 100 % S\u00e1rga Muskot\u00e1ly (Gelber Muskateller)<\/p>\n<p>Alkoholgehalt: 12,5 % Vol.<\/p>\n<p>Zuckergehalt: 6.8 g\/l<\/p>\n<p>S\u00e4uregehalt: 7.2 g\/l<\/p>\n<p>Flaschengr\u00f6sse: 75 cl.<\/p>\n<p>Speiseempfehlung: Er passt gut zu Fr\u00fcchten und leichten Gerichten, aber wir empfehlen ihn auch f\u00fcr w\u00fcrzige, leicht scharfe Gerichte, Gefl\u00fcgel und fern\u00f6stliche Gerichte<\/p>\n<p>Empfohlene Trinktemperatur: 10 &#8211; 12 \u00b0<\/p>\n<p>&nbsp;<\/p>\n","protected":false},"excerpt":{"rendered":"<p>Der Favorit derjenigen, die duftende, leichte Weine m\u00f6gen, ist MAD Gelber Muskateller. Explosiv fruchtiger, duftender, \u00e4u\u00dferst freundlicher Wein ausschlie\u00dflich aus der Rebsorte Gelber Muskateller. Er beeindruckt jeden mit seinem eleganten und duftenden Stil. Bei der Trocknung handelt es sich um einen Wei\u00dfwein, der durch G\u00e4rung in Stahltanks hergestellt wird und das intensive Aroma der Rebsorte aufweist. Seine explosiven blumigen und w\u00fcrzigen Noten, sein leichter und eleganter Stil schaffen eine perfekte Harmonie.<\/p>\n","protected":false},"featured_media":0,"comment_status":"open","ping_status":"closed","template":"","meta":{"_et_pb_use_builder":"","_et_pb_old_content":"","_et_gb_content_width":""},"_links":{"self":[{"href":"https:\/\/hundertweinhaus.com\/index.php?rest_route=\/wp\/v2\/product\/4212"}],"collection":[{"href":"https:\/\/hundertweinhaus.com\/index.php?rest_route=\/wp\/v2\/product"}],"about":[{"href":"https:\/\/hundertweinhaus.com\/index.php?rest_route=\/wp\/v2\/types\/product"}],"replies":[{"embeddable":true,"href":"https:\/\/hundertweinhaus.com\/index.php?rest_route=%2Fwp%2Fv2%2Fcomments&post=4212"}],"wp:attachment":[{"href":"https:\/\/hundertweinhaus.com\/index.php?rest_route=%2Fwp%2Fv2%2Fmedia&parent=4212"}],"curies":[{"name":"wp","href":"https:\/\/api.w.org\/{rel}","templated":true}]}}