{"id":4213,"date":"2024-03-10T16:12:30","date_gmt":"2024-03-10T15:12:30","guid":{"rendered":"https:\/\/hundertweinhaus.com\/?post_type=product&#038;p=4213"},"modified":"2025-05-30T13:17:34","modified_gmt":"2025-05-30T11:17:34","slug":"a-gere-tempranillo-2021-villany-pgi","status":"publish","type":"product","link":"https:\/\/hundertweinhaus.com\/?product=a-gere-tempranillo-2021-villany-pgi","title":{"rendered":"A. Gere Tempranillo 2021, PGI Vill\u00e1ny"},"content":{"rendered":"<p>Rebsorten: 100 % Tempranillo<\/p>\n<p>Alkoholgehalt: 13.0 % Vol.<\/p>\n<p>Zuckergehalt: 1.5 g\/l<\/p>\n<p>S\u00e4uregehalt: 5.0 g\/l<\/p>\n<p>Flaschengr\u00f6sse: 75 cl.<\/p>\n<p>Speiseempfehlung: zu Lamm- und Rindfleisch, w\u00fcrziger Hartk\u00e4se<\/p>\n<p>Empfohlene Trinktemperatur: 16 &#8211; 18 \u00b0<\/p>\n","protected":false},"excerpt":{"rendered":"<p>Tiefvioletter Farbton, der ins Schwarze tendiert, mit burgunderroten Reflexen. Im Aroma getrocknete Kirschen, Pflaumen, schwarze Beeren, ger\u00f6stete Vanille und orientalische Gew\u00fcrze, ein wenig Mineralit\u00e4t, noch jugendliche Kraft. Viel Frucht, Tannine und Fassw\u00fcrze im Schluck. Lebhaft im Mund und endet mit einem lang anhaltenden Nachgeschmack. Ein wunderbarer, vollmundiger und eleganter mediterraner Wein aus Vill\u00e1ny.<\/p>\n","protected":false},"featured_media":4228,"comment_status":"open","ping_status":"closed","template":"","meta":{"_et_pb_use_builder":"","_et_pb_old_content":"","_et_gb_content_width":""},"_links":{"self":[{"href":"https:\/\/hundertweinhaus.com\/index.php?rest_route=\/wp\/v2\/product\/4213"}],"collection":[{"href":"https:\/\/hundertweinhaus.com\/index.php?rest_route=\/wp\/v2\/product"}],"about":[{"href":"https:\/\/hundertweinhaus.com\/index.php?rest_route=\/wp\/v2\/types\/product"}],"replies":[{"embeddable":true,"href":"https:\/\/hundertweinhaus.com\/index.php?rest_route=%2Fwp%2Fv2%2Fcomments&post=4213"}],"wp:featuredmedia":[{"embeddable":true,"href":"https:\/\/hundertweinhaus.com\/index.php?rest_route=\/wp\/v2\/media\/4228"}],"wp:attachment":[{"href":"https:\/\/hundertweinhaus.com\/index.php?rest_route=%2Fwp%2Fv2%2Fmedia&parent=4213"}],"curies":[{"name":"wp","href":"https:\/\/api.w.org\/{rel}","templated":true}]}}