{"id":4214,"date":"2024-03-11T18:45:08","date_gmt":"2024-03-11T17:45:08","guid":{"rendered":"https:\/\/hundertweinhaus.com\/?post_type=product&#038;p=4214"},"modified":"2025-02-15T13:07:22","modified_gmt":"2025-02-15T12:07:22","slug":"bock-villanyi-franc-essencia-2018-villany-pdo","status":"publish","type":"product","link":"https:\/\/hundertweinhaus.com\/?product=bock-villanyi-franc-essencia-2018-villany-pdo","title":{"rendered":"Bock Vill\u00e1nyi Franc Essencia 2018, PDO Vill\u00e1ny"},"content":{"rendered":"<p>Rebsorten: 100 % Cabernet Franc<\/p>\n<p>Alkoholgehalt: 14.2 % Vol.<\/p>\n<p>Zuckergehalt: 1.7 g\/l<\/p>\n<p>S\u00e4uregehalt: 5.1 g\/l<\/p>\n<p>Flaschengr\u00f6sse: 75 cl.<\/p>\n<p>Speiseempfehlung:<\/p>\n<p>Empfohlene Trinktemperatur: 16 &#8211; 18 \u00b0<\/p>\n","protected":false},"excerpt":{"rendered":"<p>Der Rohstoff von Bock Vill\u00e1nyi Franc Essencia wird auf unseren drei besten Cabernet-Franc-Plantagen, Fekete-hegy, \u00d6rd\u00f6garok und Mak\u00e1r-d\u0171l\u0151, geerntet. Nach der G\u00e4rung werden unsere Vill\u00e1nyi Francs f\u00fcr 24 Monate in neue Eichenf\u00e4sser gef\u00fcllt. Dem Qualit\u00e4tsanspruch entsprechend geht dem Verkauf des Vill\u00e1nyi Francs eine mindestens einj\u00e4hrige Flaschenreifung voraus. Die granatrote Farbe ist ein vollmundiger Wein. Das Aroma zeigt reife rote Beeren, begleitet von D\u00f6rrobstaromen. Im Geschmack sind neben Fr\u00fcchten auch Schokolade und Tabak auszumachen.<\/p>\n","protected":false},"featured_media":4234,"comment_status":"open","ping_status":"closed","template":"","meta":{"_et_pb_use_builder":"","_et_pb_old_content":"","_et_gb_content_width":""},"_links":{"self":[{"href":"https:\/\/hundertweinhaus.com\/index.php?rest_route=\/wp\/v2\/product\/4214"}],"collection":[{"href":"https:\/\/hundertweinhaus.com\/index.php?rest_route=\/wp\/v2\/product"}],"about":[{"href":"https:\/\/hundertweinhaus.com\/index.php?rest_route=\/wp\/v2\/types\/product"}],"replies":[{"embeddable":true,"href":"https:\/\/hundertweinhaus.com\/index.php?rest_route=%2Fwp%2Fv2%2Fcomments&post=4214"}],"wp:featuredmedia":[{"embeddable":true,"href":"https:\/\/hundertweinhaus.com\/index.php?rest_route=\/wp\/v2\/media\/4234"}],"wp:attachment":[{"href":"https:\/\/hundertweinhaus.com\/index.php?rest_route=%2Fwp%2Fv2%2Fmedia&parent=4214"}],"curies":[{"name":"wp","href":"https:\/\/api.w.org\/{rel}","templated":true}]}}