{"id":4218,"date":"2024-03-11T18:41:11","date_gmt":"2024-03-11T17:41:11","guid":{"rendered":"https:\/\/hundertweinhaus.com\/?post_type=product&#038;p=4218"},"modified":"2025-02-15T19:31:08","modified_gmt":"2025-02-15T18:31:08","slug":"tokaj-hetszoeloe-furmint-kis-garai-selection-2021-tokaj-pdo","status":"publish","type":"product","link":"https:\/\/hundertweinhaus.com\/?product=tokaj-hetszoeloe-furmint-kis-garai-selection-2021-tokaj-pdo","title":{"rendered":"Tokaj-H\u00e9tsz\u00f6l\u00f6 Furmint &#8220;Kis-Garai&#8221; Selection 2021, PDO Tokaj"},"content":{"rendered":"<p>Rebsorten: 100 % Furmint<\/p>\n<p>Alkoholgehalt: 13.5 % Vol.<\/p>\n<p>Zuckergehalt: 7.4 g\/l<\/p>\n<p>S\u00e4uregehalt: 8.44 g\/l<\/p>\n<p>Flaschengr\u00f6sse: 75 cl.<\/p>\n<p>Speiseempfehlung: Probieren Sie es mit gegrilltem Fisch, Meeresfr\u00fcchten oder Schweinefilet mit Pilzen.<\/p>\n<p>Empfohlene Trinktemperatur: 12-13 \u00b0<\/p>\n","protected":false},"excerpt":{"rendered":"<p>Komplexe Nase mit sch\u00f6ner Mineralit\u00e4t und etwas Birnennote. Auch am Gaumen erhalten wir einen reichhaltigen Wein, gut ausbalanciert, komplex mit erfrischender S\u00e4ure und st\u00e4rkeren vulkanischen Noten.<\/p>\n","protected":false},"featured_media":4231,"comment_status":"open","ping_status":"closed","template":"","meta":{"_et_pb_use_builder":"","_et_pb_old_content":"","_et_gb_content_width":""},"_links":{"self":[{"href":"https:\/\/hundertweinhaus.com\/index.php?rest_route=\/wp\/v2\/product\/4218"}],"collection":[{"href":"https:\/\/hundertweinhaus.com\/index.php?rest_route=\/wp\/v2\/product"}],"about":[{"href":"https:\/\/hundertweinhaus.com\/index.php?rest_route=\/wp\/v2\/types\/product"}],"replies":[{"embeddable":true,"href":"https:\/\/hundertweinhaus.com\/index.php?rest_route=%2Fwp%2Fv2%2Fcomments&post=4218"}],"wp:featuredmedia":[{"embeddable":true,"href":"https:\/\/hundertweinhaus.com\/index.php?rest_route=\/wp\/v2\/media\/4231"}],"wp:attachment":[{"href":"https:\/\/hundertweinhaus.com\/index.php?rest_route=%2Fwp%2Fv2%2Fmedia&parent=4218"}],"curies":[{"name":"wp","href":"https:\/\/api.w.org\/{rel}","templated":true}]}}