{"id":423,"date":"2017-02-21T11:43:15","date_gmt":"2017-02-21T10:43:15","guid":{"rendered":"http:\/\/hundertweinhaus.fodof.eu\/shop\/bock-syrah-2011\/"},"modified":"2025-06-06T07:51:29","modified_gmt":"2025-06-06T05:51:29","slug":"bock-syrah-2011","status":"publish","type":"product","link":"https:\/\/hundertweinhaus.com\/?product=bock-syrah-2011","title":{"rendered":"Bock Capella Cuv\u00e9e 2009, PDO Vill\u00e1ny"},"content":{"rendered":"<p>Rebsorten: 60 % Cabernet Franc, 30 % Cabernet Sauvignon, 10 % Merlot<\/p>\n<p>Alkoholgehalt: 14.5 % Vol.<\/p>\n<p>Flaschengr\u00f6sse: 75 cl<\/p>\n<p>Speiseempfehlung: Wild, Rind<\/p>\n<p>Empfohlende Trinktemperatur: 17-18 \u00b0 C<\/p>\n<p>Trinkreife bis 2028<\/p>\n","protected":false},"excerpt":{"rendered":"<div class=\"page\" title=\"Page 1\">\n<div class=\"layoutArea\">\n<div class=\"column\">\n<p>Die gro\u00dfe Selection der Kellerei, die nur in herausragenden Jahrg\u00e4ngen hergestellt wird, eine Verm\u00e4hlung von auserlesenem Cabernet Franc (60 %) und Merlot (10 %) vom \u00d6rd\u00f6g\u00e1rok auserlesenem Cabernet Sauvignon (30 %) vom Jammertal-Flur. Wird 24 Monate lang in neuen Eichenf\u00e4ssern gereift. Ein sehr k\u00f6rperreicher, konzentrierter Wein, der \u00fcber eine au\u00dfergew\u00f6hnliche Aromenvielfalt und Geschmackstiefe verf\u00fcgt. In der Farbe von dunkler Intensit\u00e4t, in Schwarz \u00fcbergehend. Im Bouquet neben \u00fcberreifem Obst eine Tabak- und Milchschokoladennote. Am Gaumen sind Trockenobst und Schokolade bestimmend.<\/p>\n<p>&nbsp;<\/p>\n<\/div>\n<\/div>\n<\/div>\n","protected":false},"featured_media":3065,"comment_status":"open","ping_status":"closed","template":"","meta":{"_et_pb_use_builder":"off","_et_pb_old_content":"","_et_gb_content_width":""},"_links":{"self":[{"href":"https:\/\/hundertweinhaus.com\/index.php?rest_route=\/wp\/v2\/product\/423"}],"collection":[{"href":"https:\/\/hundertweinhaus.com\/index.php?rest_route=\/wp\/v2\/product"}],"about":[{"href":"https:\/\/hundertweinhaus.com\/index.php?rest_route=\/wp\/v2\/types\/product"}],"replies":[{"embeddable":true,"href":"https:\/\/hundertweinhaus.com\/index.php?rest_route=%2Fwp%2Fv2%2Fcomments&post=423"}],"wp:featuredmedia":[{"embeddable":true,"href":"https:\/\/hundertweinhaus.com\/index.php?rest_route=\/wp\/v2\/media\/3065"}],"wp:attachment":[{"href":"https:\/\/hundertweinhaus.com\/index.php?rest_route=%2Fwp%2Fv2%2Fmedia&parent=423"}],"curies":[{"name":"wp","href":"https:\/\/api.w.org\/{rel}","templated":true}]}}