{"id":4240,"date":"2024-03-18T18:26:14","date_gmt":"2024-03-18T17:26:14","guid":{"rendered":"https:\/\/hundertweinhaus.com\/?post_type=product&#038;p=4240"},"modified":"2024-04-14T11:53:51","modified_gmt":"2024-04-14T10:53:51","slug":"jammertal-ars-poetica-chardonnay-2020-pdo-villany","status":"publish","type":"product","link":"https:\/\/hundertweinhaus.com\/?product=jammertal-ars-poetica-chardonnay-2020-pdo-villany","title":{"rendered":"Jammertal Ars Poetica Chardonnay 2020, PDO Vill\u00e1ny"},"content":{"rendered":"<p>Rebsorten: Chardonnay<\/p>\n<p>Alkoholgehalt: 13 % Vol.<\/p>\n<p>Zuckergehalt: 1.0 g\/l<\/p>\n<p>S\u00e4uregehalt: 6.8 g\/l<\/p>\n<p>Flaschengr\u00f6sse: 75 cl.<\/p>\n<p>Speiseempfehlungen: Ein hervorragender Begleiter zu Spargel, Fisch und Meeresfr\u00fcchten<\/p>\n<p>Empfohlene Trinktemperatur: 12 \u00b0<\/p>\n","protected":false},"excerpt":{"rendered":"<p>Brillante goldgelbe Farbe mit hellgr\u00fcnen Reflexen. Der Duft besteht aus wei\u00dfen Bl\u00fcten, einem Hauch Vanille und Menthol. Der Geschmack harmoniert mit dem Aroma, vereint Frische und Cremigkeit mit einem angenehm herben Abgang.<\/p>\n","protected":false},"featured_media":4241,"comment_status":"open","ping_status":"closed","template":"","meta":{"_et_pb_use_builder":"","_et_pb_old_content":"","_et_gb_content_width":""},"_links":{"self":[{"href":"https:\/\/hundertweinhaus.com\/index.php?rest_route=\/wp\/v2\/product\/4240"}],"collection":[{"href":"https:\/\/hundertweinhaus.com\/index.php?rest_route=\/wp\/v2\/product"}],"about":[{"href":"https:\/\/hundertweinhaus.com\/index.php?rest_route=\/wp\/v2\/types\/product"}],"replies":[{"embeddable":true,"href":"https:\/\/hundertweinhaus.com\/index.php?rest_route=%2Fwp%2Fv2%2Fcomments&post=4240"}],"wp:featuredmedia":[{"embeddable":true,"href":"https:\/\/hundertweinhaus.com\/index.php?rest_route=\/wp\/v2\/media\/4241"}],"wp:attachment":[{"href":"https:\/\/hundertweinhaus.com\/index.php?rest_route=%2Fwp%2Fv2%2Fmedia&parent=4240"}],"curies":[{"name":"wp","href":"https:\/\/api.w.org\/{rel}","templated":true}]}}