{"id":4242,"date":"2024-03-18T18:40:09","date_gmt":"2024-03-18T17:40:09","guid":{"rendered":"https:\/\/hundertweinhaus.com\/?post_type=product&#038;p=4242"},"modified":"2024-03-29T10:56:03","modified_gmt":"2024-03-29T09:56:03","slug":"tokaj-kikelet-tokaji-furmint-tarczal-2022-pdo-tokaj","status":"publish","type":"product","link":"https:\/\/hundertweinhaus.com\/?product=tokaj-kikelet-tokaji-furmint-tarczal-2022-pdo-tokaj","title":{"rendered":"Tokaj Kikelet Tokaji Furmint Tarczal 2022, PDO Tokaj"},"content":{"rendered":"<p>Rebsorten: Furmint<\/p>\n<p>Alkoholgehalt: 13.5 % Vol.<\/p>\n<p>Zuckergehalt: 6.7 g\/l<\/p>\n<p>S\u00e4uregehalt: 7.0 g\/l<\/p>\n<p>Flaschengr\u00f6sse: 75 cl.<\/p>\n<p>Speiseempfehlungen: Fisch, Gefl\u00fcgel und asatische K\u00fcche<\/p>\n<p>Empfohlene Trinktemperatur: 12 &#8211; 15 \u00b0<\/p>\n","protected":false},"excerpt":{"rendered":"<p>Der Name \u201eTARCZAL\u201c ersetzt das fr\u00fchere \u201eBIRTOK\u201c \/ \u201eESTATE\u201c. Daher m\u00f6chten wir betonen, dass sich die Produktionsfl\u00e4chen ausschlie\u00dflich in Tarcal befinden.<\/p>\n<p>In der Nase sp\u00fcrt man Birne, Apfel, dann Pfirsiche, einen Hauch tropischer Fr\u00fcchte, s\u00fc\u00dfe Zitrusfr\u00fcchte und gr\u00fcnen Tee. Schmeckt frisch, saftig mit abgerundeter S\u00e4ure. Dank seiner Geschmeidigkeit und sch\u00f6nen Ausgewogenheit ist es ein Wein, der auch in jungen Jahren sehr gut genossen werden kann.<\/p>\n","protected":false},"featured_media":4243,"comment_status":"open","ping_status":"closed","template":"","meta":{"_et_pb_use_builder":"","_et_pb_old_content":"","_et_gb_content_width":""},"_links":{"self":[{"href":"https:\/\/hundertweinhaus.com\/index.php?rest_route=\/wp\/v2\/product\/4242"}],"collection":[{"href":"https:\/\/hundertweinhaus.com\/index.php?rest_route=\/wp\/v2\/product"}],"about":[{"href":"https:\/\/hundertweinhaus.com\/index.php?rest_route=\/wp\/v2\/types\/product"}],"replies":[{"embeddable":true,"href":"https:\/\/hundertweinhaus.com\/index.php?rest_route=%2Fwp%2Fv2%2Fcomments&post=4242"}],"wp:featuredmedia":[{"embeddable":true,"href":"https:\/\/hundertweinhaus.com\/index.php?rest_route=\/wp\/v2\/media\/4243"}],"wp:attachment":[{"href":"https:\/\/hundertweinhaus.com\/index.php?rest_route=%2Fwp%2Fv2%2Fmedia&parent=4242"}],"curies":[{"name":"wp","href":"https:\/\/api.w.org\/{rel}","templated":true}]}}