{"id":4255,"date":"2024-05-26T15:49:07","date_gmt":"2024-05-26T14:49:07","guid":{"rendered":"https:\/\/hundertweinhaus.com\/?post_type=product&#038;p=4255"},"modified":"2025-04-29T21:54:54","modified_gmt":"2025-04-29T19:54:54","slug":"st-andrea-merengo-egri-bikaver-superior-2018","status":"publish","type":"product","link":"https:\/\/hundertweinhaus.com\/?product=st-andrea-merengo-egri-bikaver-superior-2018","title":{"rendered":"St. Andrea Mereng\u0151 Egri Bikav\u00e9r Superior 2018 PDO Eger"},"content":{"rendered":"<p>Rebsorten: 32 % K\u00e9kfrankos, 21 % Merlot, 17 % Pinot Nor, 15 % Syrah, 11 % Cabernet Franc, 3 % Kadarka, 1 % Menoire<\/p>\n<p>Alkoholgehalt: 15 % Vol.<\/p>\n<p>Zuckergehalt: 1.7 g\/l<\/p>\n<p>S\u00e4uregehalt: 5.7 g\/l<\/p>\n<p>Flaschengr\u00f6sse: 75 cl.<\/p>\n<p>Speiseempfehlungen: Zu Lendenbraten, Wildfleisch und besonders zu Speisen, die mit roten Beeren, getrockneten Pflaumen oder Heidelbeeren serviert werden.<\/p>\n<p>Empfohlene Trinktemperatur: 16 &#8211; 18 \u00b0<\/p>\n","protected":false},"excerpt":{"rendered":"<p>Das Flaggschiff unseres Weinguts, eine Auswahl unserer sch\u00f6nsten F\u00e4sser. Komplexe, ausgereifte Aromawelt. Im Aroma sind Waldbeeren, schwarze Brombeere und Heidelbeere zu sp\u00fcren, mit kleinen erdigen Noten und etwas Avar am Ende. Der Schluck ist voll und rund, sch\u00f6n begleitet von Vulkan- und Limettennoten. Ein eleganter Rotwein mit langem Nachgeschmack.<\/p>\n","protected":false},"featured_media":4256,"comment_status":"open","ping_status":"closed","template":"","meta":{"_et_pb_use_builder":"","_et_pb_old_content":"","_et_gb_content_width":""},"_links":{"self":[{"href":"https:\/\/hundertweinhaus.com\/index.php?rest_route=\/wp\/v2\/product\/4255"}],"collection":[{"href":"https:\/\/hundertweinhaus.com\/index.php?rest_route=\/wp\/v2\/product"}],"about":[{"href":"https:\/\/hundertweinhaus.com\/index.php?rest_route=\/wp\/v2\/types\/product"}],"replies":[{"embeddable":true,"href":"https:\/\/hundertweinhaus.com\/index.php?rest_route=%2Fwp%2Fv2%2Fcomments&post=4255"}],"wp:featuredmedia":[{"embeddable":true,"href":"https:\/\/hundertweinhaus.com\/index.php?rest_route=\/wp\/v2\/media\/4256"}],"wp:attachment":[{"href":"https:\/\/hundertweinhaus.com\/index.php?rest_route=%2Fwp%2Fv2%2Fmedia&parent=4255"}],"curies":[{"name":"wp","href":"https:\/\/api.w.org\/{rel}","templated":true}]}}