{"id":4259,"date":"2024-05-26T15:34:11","date_gmt":"2024-05-26T14:34:11","guid":{"rendered":"https:\/\/hundertweinhaus.com\/?post_type=product&#038;p=4259"},"modified":"2025-02-15T12:37:29","modified_gmt":"2025-02-15T11:37:29","slug":"st-andrea-oeroekke-egri-csillag-superior-2022-pdo-eger","status":"publish","type":"product","link":"https:\/\/hundertweinhaus.com\/?product=st-andrea-oeroekke-egri-csillag-superior-2022-pdo-eger","title":{"rendered":"St. Andrea \u00d6r\u00f6kke Egri Csillag Superior 2022, PDO Eger"},"content":{"rendered":"<p>Rebsorten: H\u00e1rslevl\u00fc (Lindenbl\u00e4ttriger), Sauvignon Blanc, Furmint, Olaszrizling (Welschriesling)<\/p>\n<p>Alkoholgehalt: 13.5 % Vol.<\/p>\n<p>Zuckergehalt: 1.9 g\/l<\/p>\n<p>S\u00e4uregehalt: 7.4 g\/l<\/p>\n<p>Flaschengr\u00f6sse: 75 cl.<\/p>\n<p>Speiseempfehlungen: Fisch, Gefl\u00fcgel, Jakobsmuschel und Weichk\u00e4se<\/p>\n<p>Empfohlene Trinktemperatur: 10 &#8211; 13 \u00b0<\/p>\n","protected":false},"excerpt":{"rendered":"<p>Der Duft str\u00f6mt aus dem Glas. Gelbfleischiger Pfirsich, gr\u00fcne Ananas, Limettenschale. Am Gaumen breitet sich eine lebendige, aber sehr subtile S\u00e4ure aus. Pfirsich und Ananas pr\u00e4gen den Gaumen, begleitet von Pampelmuse und mineralischer Salzigkeit. Langer Abgang, reichhaltiger, komplexer Wei\u00dfwein mit gut integrierten Reifenoten.<\/p>\n","protected":false},"featured_media":4260,"comment_status":"open","ping_status":"closed","template":"","meta":{"_et_pb_use_builder":"","_et_pb_old_content":"","_et_gb_content_width":""},"_links":{"self":[{"href":"https:\/\/hundertweinhaus.com\/index.php?rest_route=\/wp\/v2\/product\/4259"}],"collection":[{"href":"https:\/\/hundertweinhaus.com\/index.php?rest_route=\/wp\/v2\/product"}],"about":[{"href":"https:\/\/hundertweinhaus.com\/index.php?rest_route=\/wp\/v2\/types\/product"}],"replies":[{"embeddable":true,"href":"https:\/\/hundertweinhaus.com\/index.php?rest_route=%2Fwp%2Fv2%2Fcomments&post=4259"}],"wp:featuredmedia":[{"embeddable":true,"href":"https:\/\/hundertweinhaus.com\/index.php?rest_route=\/wp\/v2\/media\/4260"}],"wp:attachment":[{"href":"https:\/\/hundertweinhaus.com\/index.php?rest_route=%2Fwp%2Fv2%2Fmedia&parent=4259"}],"curies":[{"name":"wp","href":"https:\/\/api.w.org\/{rel}","templated":true}]}}