{"id":4267,"date":"2024-08-07T09:35:57","date_gmt":"2024-08-07T08:35:57","guid":{"rendered":"https:\/\/hundertweinhaus.com\/?post_type=product&#038;p=4267"},"modified":"2025-05-30T15:40:26","modified_gmt":"2025-05-30T13:40:26","slug":"mad-limited-edition-2017-pdo-tokaj","status":"publish","type":"product","link":"https:\/\/hundertweinhaus.com\/?product=mad-limited-edition-2017-pdo-tokaj","title":{"rendered":"M\u00c1D Limited Edition 2017, PDO Tokaj"},"content":{"rendered":"<p>Rebsorten: 50 % Furmint, 50 % H\u00e1rslevel\u00fc<\/p>\n<p>Alkoholgehalt: 12 % Vol.<\/p>\n<p>Flaschengr\u00f6sse: 75 cl.<\/p>\n<p>Speiseempfehlungen: Zu Fisch, Gefl\u00fcgel und asatischen Gerichte<\/p>\n<p>Empfohlene Trinktemperatur: 12 &#8211; 15 \u00b0<\/p>\n","protected":false},"excerpt":{"rendered":"<p>M\u00e1d Wine hat seinen Sitz im einzigartigen Dorf M\u00e1d, der prestigetr\u00e4chtigsten Appellation der Tokajer Region (und einer der h\u00f6chstgelegenen). Alkoholische G\u00e4rung in Edelstahltanks bei niedrigen Temperaturen. Der Wein wird teilweise in ungarischen Eichenf\u00e4ssern aus den Zempl\u00e9n-H\u00fcgeln in der N\u00e4he von Tokaj ausgebaut, um ihm eine gr\u00f6\u00dfere Komplexit\u00e4t zu verleihen.<\/p>\n<p>Lebhaft und elegant, der Gaumen wird von der unverwechselbaren Struktur und Textur des vulkanischen Bodens bestimmt; mit vielschichtiger Komplexit\u00e4t und einem Hauch von W\u00fcrze durch teilweisen Eichenausbau. Intensive konzentrierte Frucht und strukturierte Mineralit\u00e4t bis zum langen Abgang.<\/p>\n","protected":false},"featured_media":4266,"comment_status":"open","ping_status":"closed","template":"","meta":{"_et_pb_use_builder":"","_et_pb_old_content":"","_et_gb_content_width":""},"_links":{"self":[{"href":"https:\/\/hundertweinhaus.com\/index.php?rest_route=\/wp\/v2\/product\/4267"}],"collection":[{"href":"https:\/\/hundertweinhaus.com\/index.php?rest_route=\/wp\/v2\/product"}],"about":[{"href":"https:\/\/hundertweinhaus.com\/index.php?rest_route=\/wp\/v2\/types\/product"}],"replies":[{"embeddable":true,"href":"https:\/\/hundertweinhaus.com\/index.php?rest_route=%2Fwp%2Fv2%2Fcomments&post=4267"}],"wp:featuredmedia":[{"embeddable":true,"href":"https:\/\/hundertweinhaus.com\/index.php?rest_route=\/wp\/v2\/media\/4266"}],"wp:attachment":[{"href":"https:\/\/hundertweinhaus.com\/index.php?rest_route=%2Fwp%2Fv2%2Fmedia&parent=4267"}],"curies":[{"name":"wp","href":"https:\/\/api.w.org\/{rel}","templated":true}]}}