{"id":4270,"date":"2024-08-07T09:55:40","date_gmt":"2024-08-07T08:55:40","guid":{"rendered":"https:\/\/hundertweinhaus.com\/?post_type=product&#038;p=4270"},"modified":"2024-08-07T09:57:20","modified_gmt":"2024-08-07T08:57:20","slug":"mad-selection-2017-tokaj-pdo","status":"publish","type":"product","link":"https:\/\/hundertweinhaus.com\/?product=mad-selection-2017-tokaj-pdo","title":{"rendered":"M\u00c1D Selection 2017, PDO Tokaj"},"content":{"rendered":"<p>Rebsorten: Furmint, H\u00e1rslevel\u00fc<\/p>\n<p>Alkoholgehalt: 12 % Vol.<\/p>\n<p>Zuckergehalt: 1.1 g\/l<\/p>\n<p>S\u00e4uregehalt: 6.5 g\/l<\/p>\n<p>Flaschengr\u00f6sse: 75 cl.<\/p>\n<p>Speiseempfehlungen: Zu Fisch, Gefl\u00fcgel und asatischen Gerichten<\/p>\n<p>Empfohlene Trinktemperatur: 12 &#8211; 15 \u00b0<\/p>\n","protected":false},"excerpt":{"rendered":"<p>Ein trockener Wei\u00dfwein, der die Pracht der M\u00e1di-Anbaugebiete zum Ausdruck bringt, in dem der mineralische Charakter der historischen Weinberge dank der ausgew\u00e4hlten, hochwertigen Zutaten mit au\u00dfergew\u00f6hnlicher Tiefe zum Ausdruck kommt. Der teilweise Fassausbau tr\u00e4gt zur komplexen Struktur bei, die w\u00fcrzigen Noten des Fasses erg\u00e4nzen harmonisch die reifen Frucht- und Mineralnoten. Eine vollmundige, langanhaltende Selektion mit komplexer S\u00e4urestruktur.<\/p>\n","protected":false},"featured_media":4271,"comment_status":"open","ping_status":"closed","template":"","meta":{"_et_pb_use_builder":"","_et_pb_old_content":"","_et_gb_content_width":""},"_links":{"self":[{"href":"https:\/\/hundertweinhaus.com\/index.php?rest_route=\/wp\/v2\/product\/4270"}],"collection":[{"href":"https:\/\/hundertweinhaus.com\/index.php?rest_route=\/wp\/v2\/product"}],"about":[{"href":"https:\/\/hundertweinhaus.com\/index.php?rest_route=\/wp\/v2\/types\/product"}],"replies":[{"embeddable":true,"href":"https:\/\/hundertweinhaus.com\/index.php?rest_route=%2Fwp%2Fv2%2Fcomments&post=4270"}],"wp:featuredmedia":[{"embeddable":true,"href":"https:\/\/hundertweinhaus.com\/index.php?rest_route=\/wp\/v2\/media\/4271"}],"wp:attachment":[{"href":"https:\/\/hundertweinhaus.com\/index.php?rest_route=%2Fwp%2Fv2%2Fmedia&parent=4270"}],"curies":[{"name":"wp","href":"https:\/\/api.w.org\/{rel}","templated":true}]}}