{"id":431,"date":"2017-02-21T13:05:10","date_gmt":"2017-02-21T12:05:10","guid":{"rendered":"http:\/\/hundertweinhaus.fodof.eu\/shop\/bock-magnifico-2009\/"},"modified":"2025-10-06T20:47:52","modified_gmt":"2025-10-06T18:47:52","slug":"bock-magnifico-2009","status":"publish","type":"product","link":"https:\/\/hundertweinhaus.com\/?product=bock-magnifico-2009","title":{"rendered":"Bock Magnifico 2012, PDO Vill\u00e1ny"},"content":{"rendered":"<p>Rebsorten: Merlot<\/p>\n<p>Alkoholgehalt: 16 % Vol<\/p>\n<p>Zuckergehalt: 2.8g\/l<\/p>\n<p>S\u00e4uregehalt: 5.4 g\/l.<\/p>\n<p>Flaschengr\u00f6sse: 75 cl<\/p>\n<p>Speiseempfehlung: Der Verzehr wird zu Schokoladendesserts, Zigarren und ganz besonderen Anl\u00e4ssen empfohlen.<\/p>\n<p>Empfohlene Trinktemperatur:\u00a017-18\u00b0 C<\/p>\n<p>Trinkreife bis 2040<\/p>\n<p><img decoding=\"async\" loading=\"lazy\" class=\"alignnone wp-image-898\" src=\"http:\/\/hundertweinhaus.fodof.eu\/wp-content\/uploads\/2017\/04\/Rajzt\u00e1bla-4-m\u00e1solat-5-300x300.jpg\" alt=\"\" width=\"99\" height=\"99\" srcset=\"https:\/\/hundertweinhaus.com\/wp-content\/uploads\/2017\/04\/Rajzt\u00e1bla-4-m\u00e1solat-5-300x300.jpg 300w, https:\/\/hundertweinhaus.com\/wp-content\/uploads\/2017\/04\/Rajzt\u00e1bla-4-m\u00e1solat-5-400x400.jpg 400w, https:\/\/hundertweinhaus.com\/wp-content\/uploads\/2017\/04\/Rajzt\u00e1bla-4-m\u00e1solat-5-100x100.jpg 100w, https:\/\/hundertweinhaus.com\/wp-content\/uploads\/2017\/04\/Rajzt\u00e1bla-4-m\u00e1solat-5-150x150.jpg 150w, https:\/\/hundertweinhaus.com\/wp-content\/uploads\/2017\/04\/Rajzt\u00e1bla-4-m\u00e1solat-5.jpg 500w\" sizes=\"(max-width: 99px) 100vw, 99px\" \/><img decoding=\"async\" loading=\"lazy\" class=\"alignnone wp-image-899\" src=\"http:\/\/hundertweinhaus.fodof.eu\/wp-content\/uploads\/2017\/04\/Rajzt\u00e1bla-4-m\u00e1solat-6-300x300.jpg\" alt=\"\" width=\"99\" height=\"99\" srcset=\"https:\/\/hundertweinhaus.com\/wp-content\/uploads\/2017\/04\/Rajzt\u00e1bla-4-m\u00e1solat-6-300x300.jpg 300w, https:\/\/hundertweinhaus.com\/wp-content\/uploads\/2017\/04\/Rajzt\u00e1bla-4-m\u00e1solat-6-400x400.jpg 400w, https:\/\/hundertweinhaus.com\/wp-content\/uploads\/2017\/04\/Rajzt\u00e1bla-4-m\u00e1solat-6-100x100.jpg 100w, https:\/\/hundertweinhaus.com\/wp-content\/uploads\/2017\/04\/Rajzt\u00e1bla-4-m\u00e1solat-6-150x150.jpg 150w, https:\/\/hundertweinhaus.com\/wp-content\/uploads\/2017\/04\/Rajzt\u00e1bla-4-m\u00e1solat-6.jpg 500w\" sizes=\"(max-width: 99px) 100vw, 99px\" \/><img decoding=\"async\" loading=\"lazy\" class=\"alignnone wp-image-892\" src=\"http:\/\/hundertweinhaus.fodof.eu\/wp-content\/uploads\/2017\/04\/Rajzt\u00e1bla-4-m\u00e1solat-4-300x300.jpg\" alt=\"\" width=\"99\" height=\"99\" srcset=\"https:\/\/hundertweinhaus.com\/wp-content\/uploads\/2017\/04\/Rajzt\u00e1bla-4-m\u00e1solat-4-300x300.jpg 300w, https:\/\/hundertweinhaus.com\/wp-content\/uploads\/2017\/04\/Rajzt\u00e1bla-4-m\u00e1solat-4-400x400.jpg 400w, https:\/\/hundertweinhaus.com\/wp-content\/uploads\/2017\/04\/Rajzt\u00e1bla-4-m\u00e1solat-4-100x100.jpg 100w, https:\/\/hundertweinhaus.com\/wp-content\/uploads\/2017\/04\/Rajzt\u00e1bla-4-m\u00e1solat-4-150x150.jpg 150w, https:\/\/hundertweinhaus.com\/wp-content\/uploads\/2017\/04\/Rajzt\u00e1bla-4-m\u00e1solat-4.jpg 500w\" sizes=\"(max-width: 99px) 100vw, 99px\" \/><\/p>\n<p>&nbsp;<\/p>\n","protected":false},"excerpt":{"rendered":"<div class=\"page\" title=\"Page 1\">\n<div class=\"section\">\n<div class=\"layoutArea\">\n<div class=\"column\">\n<p>Von den sch\u00f6nsten Fluren von Vill\u00e1ny auserlesener Wein von besonderer Qualit\u00e4t, der ausschlie\u00dflich aus Merlot und nur in herausragenden Jahrg\u00e4ngen hergestellt wird. Der Winzer wollte die Besonderheit dieses Weins auch mit der Bezeichnung betonen und benannte ihn nach Il Magnifico Lorenzo Medici (das lateinische magnifico bedeutet gro\u00dfartig, wunderbar). Die Trauben und der aus diesen hergestellte Wein m\u00fcssen au\u00dferordentlichen Erwartungen entsprechen, wie die einzigartige Geschmackswelt und Komplexit\u00e4t. Wird 24 Monate lang in neuen Barriquef\u00e4ssern gereift. Die Erscheinung und dunkelrote Farbe schlie\u00dft die gesamte Sch\u00f6nheit des Jahrgangs und des Terroir mit ein. Der \u00fcberquellende Geschmack und das Aroma weisen eine Note von Milchschokolade, Rum-Sauerkirsche, Trockenpflaumen und Tabak auf.<\/p>\n<\/div>\n<\/div>\n<\/div>\n<\/div>\n","protected":false},"featured_media":3061,"comment_status":"open","ping_status":"closed","template":"","meta":{"_et_pb_use_builder":"","_et_pb_old_content":"","_et_gb_content_width":""},"_links":{"self":[{"href":"https:\/\/hundertweinhaus.com\/index.php?rest_route=\/wp\/v2\/product\/431"}],"collection":[{"href":"https:\/\/hundertweinhaus.com\/index.php?rest_route=\/wp\/v2\/product"}],"about":[{"href":"https:\/\/hundertweinhaus.com\/index.php?rest_route=\/wp\/v2\/types\/product"}],"replies":[{"embeddable":true,"href":"https:\/\/hundertweinhaus.com\/index.php?rest_route=%2Fwp%2Fv2%2Fcomments&post=431"}],"wp:featuredmedia":[{"embeddable":true,"href":"https:\/\/hundertweinhaus.com\/index.php?rest_route=\/wp\/v2\/media\/3061"}],"wp:attachment":[{"href":"https:\/\/hundertweinhaus.com\/index.php?rest_route=%2Fwp%2Fv2%2Fmedia&parent=431"}],"curies":[{"name":"wp","href":"https:\/\/api.w.org\/{rel}","templated":true}]}}