{"id":4449,"date":"2026-04-20T09:31:05","date_gmt":"2026-04-20T07:31:05","guid":{"rendered":"https:\/\/hundertweinhaus.com\/?post_type=product&#038;p=4449"},"modified":"2026-04-20T09:38:59","modified_gmt":"2026-04-20T07:38:59","slug":"hungaria-rose-extra-dry","status":"publish","type":"product","link":"https:\/\/hundertweinhaus.com\/?product=hungaria-rose-extra-dry","title":{"rendered":"Hungaria Ros\u00e9 Extra Dry"},"content":{"rendered":"<p class=\"card-text\">Flascheninhalt\u00a0 \u00a0 \u00a0 \u00a0 \u00a0 \u00a0 0,75 L<\/p>\n<p class=\"card-text\">Alkoholgehalt \u00a0 \u00a0\u00a0\u00a0\u00a0\u00a0\u00a0\u00a0\u00a0 \u00a0 11,5 % Vol.<\/p>\n<p class=\"card-text\">Rests\u00fc\u00dfe\u00a0\u00a0\u00a0\u00a0\u00a0\u00a0\u00a0\u00a0 \u00a0 \u00a0 \u00a0 \u00a0 \u00a0\u00a0 \u00a0\u00a0 14 g \/ L<\/p>\n<p class=\"card-text\">S\u00e4uregehalt\u00a0\u00a0\u00a0\u00a0\u00a0\u00a0 \u00a0 \u00a0 \u00a0 \u00a0 \u00a0\u00a0 4,4 g \/ L<\/p>\n","protected":false},"excerpt":{"rendered":"<p class=\"card-text\">T\u00f6rley Hungaria Rose Extra Dry-Klassische\u00a0 Flascheng\u00e4rung<\/p>\n<p class=\"card-text\">Feine fruchtige Geschmack nach Johannisberen und\u00a0 Himbeeren. Tiefen Rosa Farben, Angehme S\u00e4uren.<\/p>\n<p class=\"card-text\">100 % Pinot Noir Traube Lebendig und Elegant .Diese Sorgf\u00e4ltige ausgesuchte Trauben kommen aus Budafok.\u00a0 \u00c4hnliche Bedingungen wie in der Champagne .<\/p>\n<p class=\"card-text\">Mit Naturkork ,Lagerf\u00e4hig.<\/p>\n<p class=\"card-text\">Unsere Empfehlung als Aperitiv oder zur Begr\u00fc\u00dfung. Nat\u00fcrlich auch ohne Anlass ist\u00a0 der Hungaria Rose Sekt ein tolles Geschmackerlebnis! Optimale Temperatur bei 5-7 C.\u00a0 Eine kleiner Tipp f\u00fcr Sie &#8211; bei sommerlichen Temperaturen k\u00fchlen Sie zuvor Ihre Sektgl\u00e4ser .!<\/p>\n<p class=\"card-text\">\n","protected":false},"featured_media":4454,"comment_status":"open","ping_status":"closed","template":"","meta":{"_et_pb_use_builder":"","_et_pb_old_content":"","_et_gb_content_width":""},"_links":{"self":[{"href":"https:\/\/hundertweinhaus.com\/index.php?rest_route=\/wp\/v2\/product\/4449"}],"collection":[{"href":"https:\/\/hundertweinhaus.com\/index.php?rest_route=\/wp\/v2\/product"}],"about":[{"href":"https:\/\/hundertweinhaus.com\/index.php?rest_route=\/wp\/v2\/types\/product"}],"replies":[{"embeddable":true,"href":"https:\/\/hundertweinhaus.com\/index.php?rest_route=%2Fwp%2Fv2%2Fcomments&post=4449"}],"wp:featuredmedia":[{"embeddable":true,"href":"https:\/\/hundertweinhaus.com\/index.php?rest_route=\/wp\/v2\/media\/4454"}],"wp:attachment":[{"href":"https:\/\/hundertweinhaus.com\/index.php?rest_route=%2Fwp%2Fv2%2Fmedia&parent=4449"}],"curies":[{"name":"wp","href":"https:\/\/api.w.org\/{rel}","templated":true}]}}