{"id":562,"date":"2017-03-04T18:57:31","date_gmt":"2017-03-04T17:57:31","guid":{"rendered":"http:\/\/hundertweinhaus.fodof.eu\/shop\/bock-villanyi-franc-2012\/"},"modified":"2026-04-14T18:16:46","modified_gmt":"2026-04-14T16:16:46","slug":"bock-villanyi-franc-2012","status":"publish","type":"product","link":"https:\/\/hundertweinhaus.com\/?product=bock-villanyi-franc-2012","title":{"rendered":"Bock Vill\u00e1nyi Franc Fekete hegy Selection 2017, PDO Vill\u00e1ny"},"content":{"rendered":"<p>Rebsorten: Cabernet Franc<\/p>\n<p>Alkoholgehalt: 14.5 % Vol.<\/p>\n<p>Zuckergehalt: 1.6 g\/l<\/p>\n<p>S\u00e4uregehalt: 5.4 g\/l<\/p>\n<p>Flaschengr\u00f6sse: 75 cl<\/p>\n<p>Speiseempfehlung: zu Rind- und Wildgerichte, Dessert mit dunkler Schokolade<\/p>\n<p>Empfohlene Trinktemperatur: 16-18 \u00b0 C<\/p>\n<p>Trinkreife bis 2035<\/p>\n<p>&nbsp;<\/p>\n","protected":false},"excerpt":{"rendered":"<p>VERKOSTUNG<\/p>\n<p>Aus dem Flur am Fekete-hegy stammender Cabernet Franc mit streng limitierter Ernte, der nur in herausragenden Jahrg\u00e4ngen hergestellt wird. Nach der G\u00e4rung erfolgt der Ausbau 24 Monate lang in neuen Barriquef\u00e4ssern. Vollmundiger Wein mit granatroter Farbe. Im Bouquet eine reife Kirsch- und Brombeernote mit dem Aroma von Trockenobst. Am Gaumen neben Obst eine Schokoladen- und Tabaknote.<\/p>\n","protected":false},"featured_media":4434,"comment_status":"open","ping_status":"closed","template":"","meta":{"_et_pb_use_builder":"","_et_pb_old_content":"","_et_gb_content_width":""},"_links":{"self":[{"href":"https:\/\/hundertweinhaus.com\/index.php?rest_route=\/wp\/v2\/product\/562"}],"collection":[{"href":"https:\/\/hundertweinhaus.com\/index.php?rest_route=\/wp\/v2\/product"}],"about":[{"href":"https:\/\/hundertweinhaus.com\/index.php?rest_route=\/wp\/v2\/types\/product"}],"replies":[{"embeddable":true,"href":"https:\/\/hundertweinhaus.com\/index.php?rest_route=%2Fwp%2Fv2%2Fcomments&post=562"}],"wp:featuredmedia":[{"embeddable":true,"href":"https:\/\/hundertweinhaus.com\/index.php?rest_route=\/wp\/v2\/media\/4434"}],"wp:attachment":[{"href":"https:\/\/hundertweinhaus.com\/index.php?rest_route=%2Fwp%2Fv2%2Fmedia&parent=562"}],"curies":[{"name":"wp","href":"https:\/\/api.w.org\/{rel}","templated":true}]}}