{"id":565,"date":"2017-03-04T19:00:11","date_gmt":"2017-03-04T18:00:11","guid":{"rendered":"http:\/\/hundertweinhaus.fodof.eu\/shop\/bock-villanyi-cabernet-savignon-2012\/"},"modified":"2025-02-15T19:19:10","modified_gmt":"2025-02-15T18:19:10","slug":"bock-villanyi-cabernet-savignon-2012","status":"publish","type":"product","link":"https:\/\/hundertweinhaus.com\/?product=bock-villanyi-cabernet-savignon-2012","title":{"rendered":"Bock Cabernet Sauvignon Jammertal Selection 2014, PDO Vill\u00e1ny"},"content":{"rendered":"<p>Rebsorten: Cabernet Sauvignon<\/p>\n<p>Alkoholgehalt: 14 % Vol.<\/p>\n<p>Flaschengr\u00f6sse: 75 cl<\/p>\n<p>Speiseempfehlung: Wild, Rind<\/p>\n<p>Empfohlende Trinktemperatur: 17-18 \u00b0 C<\/p>\n<p>Trinkreife bis 2026<\/p>\n<p><img decoding=\"async\" loading=\"lazy\" class=\"alignnone wp-image-891\" src=\"http:\/\/hundertweinhaus.fodof.eu\/wp-content\/uploads\/2017\/04\/Rajzt\u00e1bla-4-m\u00e1solat-2-300x300.jpg\" alt=\"\" width=\"99\" height=\"99\" srcset=\"https:\/\/hundertweinhaus.com\/wp-content\/uploads\/2017\/04\/Rajzt\u00e1bla-4-m\u00e1solat-2-300x300.jpg 300w, https:\/\/hundertweinhaus.com\/wp-content\/uploads\/2017\/04\/Rajzt\u00e1bla-4-m\u00e1solat-2-400x400.jpg 400w, https:\/\/hundertweinhaus.com\/wp-content\/uploads\/2017\/04\/Rajzt\u00e1bla-4-m\u00e1solat-2-100x100.jpg 100w, https:\/\/hundertweinhaus.com\/wp-content\/uploads\/2017\/04\/Rajzt\u00e1bla-4-m\u00e1solat-2-150x150.jpg 150w, https:\/\/hundertweinhaus.com\/wp-content\/uploads\/2017\/04\/Rajzt\u00e1bla-4-m\u00e1solat-2.jpg 500w\" sizes=\"(max-width: 99px) 100vw, 99px\" \/><img decoding=\"async\" loading=\"lazy\" class=\"alignnone wp-image-904\" src=\"http:\/\/hundertweinhaus.fodof.eu\/wp-content\/uploads\/2017\/04\/Rajzt\u00e1bla-4-m\u00e1solat-11-300x300.jpg\" alt=\"\" width=\"99\" height=\"99\" srcset=\"https:\/\/hundertweinhaus.com\/wp-content\/uploads\/2017\/04\/Rajzt\u00e1bla-4-m\u00e1solat-11-300x300.jpg 300w, https:\/\/hundertweinhaus.com\/wp-content\/uploads\/2017\/04\/Rajzt\u00e1bla-4-m\u00e1solat-11-400x400.jpg 400w, https:\/\/hundertweinhaus.com\/wp-content\/uploads\/2017\/04\/Rajzt\u00e1bla-4-m\u00e1solat-11-100x100.jpg 100w, https:\/\/hundertweinhaus.com\/wp-content\/uploads\/2017\/04\/Rajzt\u00e1bla-4-m\u00e1solat-11-150x150.jpg 150w, https:\/\/hundertweinhaus.com\/wp-content\/uploads\/2017\/04\/Rajzt\u00e1bla-4-m\u00e1solat-11.jpg 500w\" sizes=\"(max-width: 99px) 100vw, 99px\" \/><\/p>\n<p>&nbsp;<\/p>\n","protected":false},"excerpt":{"rendered":"<p>Aus dem Jammertal-Flur stammender Cabernet Sauvignon mit streng limitierter Ernte, der nun in herausragenden Jahrg\u00e4ngen hergestellt wird. Nach der G\u00e4rung erfolgt der Ausbau 24 Monate lang in neuen Barriquef\u00e4ssern. In der Farbe von dunkler Intensit\u00e4t, in Granatrot \u00fcbergehendes Dunkelrot. Im Bouquet eine Note von Waldfr\u00fcchten, \u00fcberreifen Obstes, Tabak und Milchschokolade. Am Gaumen eine Obst- und Schokoladennote.<\/p>\n","protected":false},"featured_media":3033,"comment_status":"open","ping_status":"closed","template":"","meta":{"_et_pb_use_builder":"","_et_pb_old_content":"","_et_gb_content_width":""},"_links":{"self":[{"href":"https:\/\/hundertweinhaus.com\/index.php?rest_route=\/wp\/v2\/product\/565"}],"collection":[{"href":"https:\/\/hundertweinhaus.com\/index.php?rest_route=\/wp\/v2\/product"}],"about":[{"href":"https:\/\/hundertweinhaus.com\/index.php?rest_route=\/wp\/v2\/types\/product"}],"replies":[{"embeddable":true,"href":"https:\/\/hundertweinhaus.com\/index.php?rest_route=%2Fwp%2Fv2%2Fcomments&post=565"}],"wp:featuredmedia":[{"embeddable":true,"href":"https:\/\/hundertweinhaus.com\/index.php?rest_route=\/wp\/v2\/media\/3033"}],"wp:attachment":[{"href":"https:\/\/hundertweinhaus.com\/index.php?rest_route=%2Fwp%2Fv2%2Fmedia&parent=565"}],"curies":[{"name":"wp","href":"https:\/\/api.w.org\/{rel}","templated":true}]}}