{"id":602,"date":"2017-03-04T19:52:00","date_gmt":"2017-03-04T18:52:00","guid":{"rendered":"http:\/\/hundertweinhaus.fodof.eu\/shop\/gere-kopar-2012\/"},"modified":"2025-10-09T22:57:23","modified_gmt":"2025-10-09T20:57:23","slug":"gere-kopar-2012","status":"publish","type":"product","link":"https:\/\/hundertweinhaus.com\/?product=gere-kopar-2012","title":{"rendered":"A. Gere Vill\u00e1nyi Cuv\u00e9e Kop\u00e1r 2020, PDO Vill\u00e1ny"},"content":{"rendered":"<p>Rebsorten: Cabernet Franc, Cabernet Sauvignon, Merlot<\/p>\n<p>Alkoholgehalt: 14 % Vol.<\/p>\n<p>Zuckergehalt: 1.8 g\/<\/p>\n<p>S\u00e4uregehalt: 5.4 g\/l<\/p>\n<p>Flaschengr\u00f6sse: 75 cl<\/p>\n<p>Speiseempfehlung: zu Wild- und Rindgerichten<\/p>\n<p>Empfohlene Trinktemperatur: 18 \u00b0 C<\/p>\n<p>Trinkreife bis: 2035<\/p>\n<p><img decoding=\"async\" loading=\"lazy\" class=\"alignnone wp-image-904\" src=\"http:\/\/hundertweinhaus.fodof.eu\/wp-content\/uploads\/2017\/04\/Rajzt\u00e1bla-4-m\u00e1solat-11-300x300.jpg\" alt=\"\" width=\"99\" height=\"99\" srcset=\"https:\/\/hundertweinhaus.com\/wp-content\/uploads\/2017\/04\/Rajzt\u00e1bla-4-m\u00e1solat-11-300x300.jpg 300w, https:\/\/hundertweinhaus.com\/wp-content\/uploads\/2017\/04\/Rajzt\u00e1bla-4-m\u00e1solat-11-400x400.jpg 400w, https:\/\/hundertweinhaus.com\/wp-content\/uploads\/2017\/04\/Rajzt\u00e1bla-4-m\u00e1solat-11-100x100.jpg 100w, https:\/\/hundertweinhaus.com\/wp-content\/uploads\/2017\/04\/Rajzt\u00e1bla-4-m\u00e1solat-11-150x150.jpg 150w, https:\/\/hundertweinhaus.com\/wp-content\/uploads\/2017\/04\/Rajzt\u00e1bla-4-m\u00e1solat-11.jpg 500w\" sizes=\"(max-width: 99px) 100vw, 99px\" \/><img decoding=\"async\" loading=\"lazy\" class=\"alignnone wp-image-891\" src=\"http:\/\/hundertweinhaus.fodof.eu\/wp-content\/uploads\/2017\/04\/Rajzt\u00e1bla-4-m\u00e1solat-2-300x300.jpg\" alt=\"\" width=\"99\" height=\"99\" srcset=\"https:\/\/hundertweinhaus.com\/wp-content\/uploads\/2017\/04\/Rajzt\u00e1bla-4-m\u00e1solat-2-300x300.jpg 300w, https:\/\/hundertweinhaus.com\/wp-content\/uploads\/2017\/04\/Rajzt\u00e1bla-4-m\u00e1solat-2-400x400.jpg 400w, https:\/\/hundertweinhaus.com\/wp-content\/uploads\/2017\/04\/Rajzt\u00e1bla-4-m\u00e1solat-2-100x100.jpg 100w, https:\/\/hundertweinhaus.com\/wp-content\/uploads\/2017\/04\/Rajzt\u00e1bla-4-m\u00e1solat-2-150x150.jpg 150w, https:\/\/hundertweinhaus.com\/wp-content\/uploads\/2017\/04\/Rajzt\u00e1bla-4-m\u00e1solat-2.jpg 500w\" sizes=\"(max-width: 99px) 100vw, 99px\" \/><\/p>\n","protected":false},"excerpt":{"rendered":"<p>\u00c4u\u00dferst voll, mehrfache Fruchtigkeit. Tiefe in seiner Farbe, fast zu schwarz, mit jugendlichen Reflexen. Sauerkirsche, Himbeere, Maulbeere und Mineralit\u00e4t in der Nase. Elegante, diskrete Fasscharakteristiken. Sehr reich und komplex bei der Verkostung. Die Fr\u00fcchte werden von einem Schokoladenzimt und mildem Pfeffer begleitet. Trotz seines jungen Alters zeigt es eine sch\u00f6ne Balance und gut trinkbar. Dieser Wein\u00a0hat ein langes Alterungspotential.<\/p>\n","protected":false},"featured_media":4151,"comment_status":"open","ping_status":"closed","template":"","meta":{"_et_pb_use_builder":"","_et_pb_old_content":"","_et_gb_content_width":""},"_links":{"self":[{"href":"https:\/\/hundertweinhaus.com\/index.php?rest_route=\/wp\/v2\/product\/602"}],"collection":[{"href":"https:\/\/hundertweinhaus.com\/index.php?rest_route=\/wp\/v2\/product"}],"about":[{"href":"https:\/\/hundertweinhaus.com\/index.php?rest_route=\/wp\/v2\/types\/product"}],"replies":[{"embeddable":true,"href":"https:\/\/hundertweinhaus.com\/index.php?rest_route=%2Fwp%2Fv2%2Fcomments&post=602"}],"wp:featuredmedia":[{"embeddable":true,"href":"https:\/\/hundertweinhaus.com\/index.php?rest_route=\/wp\/v2\/media\/4151"}],"wp:attachment":[{"href":"https:\/\/hundertweinhaus.com\/index.php?rest_route=%2Fwp%2Fv2%2Fmedia&parent=602"}],"curies":[{"name":"wp","href":"https:\/\/api.w.org\/{rel}","templated":true}]}}