{"id":605,"date":"2017-03-04T19:54:03","date_gmt":"2017-03-04T18:54:03","guid":{"rendered":"http:\/\/hundertweinhaus.fodof.eu\/shop\/takler-bikaver-reserve-2013\/"},"modified":"2025-04-29T21:54:54","modified_gmt":"2025-04-29T19:54:54","slug":"takler-bikaver-reserve-2013","status":"publish","type":"product","link":"https:\/\/hundertweinhaus.com\/?product=takler-bikaver-reserve-2013","title":{"rendered":"Takler Bikav\u00e9r Reserve 2015, PDO Szeksz\u00e1rd"},"content":{"rendered":"<p>Rebsorte: K\u00e9kfrankos, Merlot, Cabernet Sauvignon, Kadarka<\/p>\n<p>Alkoholgehalt: 14.5 % Vol.<\/p>\n<p>Flaschengr\u00f6sse: 75 cl<\/p>\n<p>Speiseempfehlung: zu Lamm-, Rind- und Wildgerichten<\/p>\n<p>Empfohlene Trinktemperatur: 17-18 \u00b0 C<\/p>\n<p><img decoding=\"async\" loading=\"lazy\" class=\"alignnone wp-image-904\" src=\"http:\/\/hundertweinhaus.fodof.eu\/wp-content\/uploads\/2017\/04\/Rajzt\u00e1bla-4-m\u00e1solat-11-300x300.jpg\" alt=\"\" width=\"99\" height=\"99\" srcset=\"https:\/\/hundertweinhaus.com\/wp-content\/uploads\/2017\/04\/Rajzt\u00e1bla-4-m\u00e1solat-11-300x300.jpg 300w, https:\/\/hundertweinhaus.com\/wp-content\/uploads\/2017\/04\/Rajzt\u00e1bla-4-m\u00e1solat-11-400x400.jpg 400w, https:\/\/hundertweinhaus.com\/wp-content\/uploads\/2017\/04\/Rajzt\u00e1bla-4-m\u00e1solat-11-100x100.jpg 100w, https:\/\/hundertweinhaus.com\/wp-content\/uploads\/2017\/04\/Rajzt\u00e1bla-4-m\u00e1solat-11-150x150.jpg 150w, https:\/\/hundertweinhaus.com\/wp-content\/uploads\/2017\/04\/Rajzt\u00e1bla-4-m\u00e1solat-11.jpg 500w\" sizes=\"(max-width: 99px) 100vw, 99px\" \/><img decoding=\"async\" loading=\"lazy\" class=\"alignnone wp-image-899\" src=\"http:\/\/hundertweinhaus.fodof.eu\/wp-content\/uploads\/2017\/04\/Rajzt\u00e1bla-4-m\u00e1solat-6-300x300.jpg\" alt=\"\" width=\"99\" height=\"99\" srcset=\"https:\/\/hundertweinhaus.com\/wp-content\/uploads\/2017\/04\/Rajzt\u00e1bla-4-m\u00e1solat-6-300x300.jpg 300w, https:\/\/hundertweinhaus.com\/wp-content\/uploads\/2017\/04\/Rajzt\u00e1bla-4-m\u00e1solat-6-400x400.jpg 400w, https:\/\/hundertweinhaus.com\/wp-content\/uploads\/2017\/04\/Rajzt\u00e1bla-4-m\u00e1solat-6-100x100.jpg 100w, https:\/\/hundertweinhaus.com\/wp-content\/uploads\/2017\/04\/Rajzt\u00e1bla-4-m\u00e1solat-6-150x150.jpg 150w, https:\/\/hundertweinhaus.com\/wp-content\/uploads\/2017\/04\/Rajzt\u00e1bla-4-m\u00e1solat-6.jpg 500w\" sizes=\"(max-width: 99px) 100vw, 99px\" \/><img decoding=\"async\" loading=\"lazy\" class=\"alignnone wp-image-891\" src=\"http:\/\/hundertweinhaus.fodof.eu\/wp-content\/uploads\/2017\/04\/Rajzt\u00e1bla-4-m\u00e1solat-2-300x300.jpg\" alt=\"\" width=\"99\" height=\"99\" srcset=\"https:\/\/hundertweinhaus.com\/wp-content\/uploads\/2017\/04\/Rajzt\u00e1bla-4-m\u00e1solat-2-300x300.jpg 300w, https:\/\/hundertweinhaus.com\/wp-content\/uploads\/2017\/04\/Rajzt\u00e1bla-4-m\u00e1solat-2-400x400.jpg 400w, https:\/\/hundertweinhaus.com\/wp-content\/uploads\/2017\/04\/Rajzt\u00e1bla-4-m\u00e1solat-2-100x100.jpg 100w, https:\/\/hundertweinhaus.com\/wp-content\/uploads\/2017\/04\/Rajzt\u00e1bla-4-m\u00e1solat-2-150x150.jpg 150w, https:\/\/hundertweinhaus.com\/wp-content\/uploads\/2017\/04\/Rajzt\u00e1bla-4-m\u00e1solat-2.jpg 500w\" sizes=\"(max-width: 99px) 100vw, 99px\" \/><\/p>\n<p>&nbsp;<\/p>\n","protected":false},"excerpt":{"rendered":"<p>Stierblut ist Ungarns traditionelle Cuv\u00e9e, die in den letzten Jahrzehnten seinen w\u00fcrdigen Platz auf der Weinpalette wieder erhalten hat.\u00a0Basierend auf Blaufr\u00e4nkisch und Merlot, erg\u00e4nzt durch Cabernet Sauvignon und Kadarka. Ein sehr eleganter Wein mit komplexen Aromen, samtiger Charakter und roten Beerenfr\u00fcchten. Der Vertreter der Top Bikav\u00e9r Weine. Ausbau: 15 Monate in gebrauchten Barriques 80% und 20% in neuen ungarischen und franz\u00f6sischen Eichenf\u00e4ssern.<\/p>\n","protected":false},"featured_media":3042,"comment_status":"open","ping_status":"closed","template":"","meta":{"_et_pb_use_builder":"","_et_pb_old_content":"","_et_gb_content_width":""},"_links":{"self":[{"href":"https:\/\/hundertweinhaus.com\/index.php?rest_route=\/wp\/v2\/product\/605"}],"collection":[{"href":"https:\/\/hundertweinhaus.com\/index.php?rest_route=\/wp\/v2\/product"}],"about":[{"href":"https:\/\/hundertweinhaus.com\/index.php?rest_route=\/wp\/v2\/types\/product"}],"replies":[{"embeddable":true,"href":"https:\/\/hundertweinhaus.com\/index.php?rest_route=%2Fwp%2Fv2%2Fcomments&post=605"}],"wp:featuredmedia":[{"embeddable":true,"href":"https:\/\/hundertweinhaus.com\/index.php?rest_route=\/wp\/v2\/media\/3042"}],"wp:attachment":[{"href":"https:\/\/hundertweinhaus.com\/index.php?rest_route=%2Fwp%2Fv2%2Fmedia&parent=605"}],"curies":[{"name":"wp","href":"https:\/\/api.w.org\/{rel}","templated":true}]}}