{"id":653,"date":"2017-03-05T16:26:55","date_gmt":"2017-03-05T15:26:55","guid":{"rendered":"http:\/\/hundertweinhaus.fodof.eu\/shop\/toerley-grant-cuvee-brut\/"},"modified":"2025-07-06T10:18:09","modified_gmt":"2025-07-06T08:18:09","slug":"toerley-grant-cuvee-brut","status":"publish","type":"product","link":"https:\/\/hundertweinhaus.com\/?product=toerley-grant-cuvee-brut","title":{"rendered":"T\u00f6rley Grand Cuv\u00e9e Brut"},"content":{"rendered":"<p>[et_pb_section fb_built=&#8221;1&#8243; _builder_version=&#8221;3.22&#8243; custom_padding=&#8221;0px||||false|false&#8221;][et_pb_row _builder_version=&#8221;3.25&#8243; background_size=&#8221;initial&#8221; background_position=&#8221;top_left&#8221; background_repeat=&#8221;repeat&#8221; width=&#8221;100%&#8221; custom_padding=&#8221;0px||0px||false|false&#8221;][et_pb_column type=&#8221;4_4&#8243; _builder_version=&#8221;3.25&#8243; custom_padding=&#8221;|||&#8221; custom_padding__hover=&#8221;|||&#8221;][et_pb_wc_breadcrumb _builder_version=&#8221;3.0.47&#8243;][\/et_pb_wc_breadcrumb][et_pb_wc_cart_notice _builder_version=&#8221;3.0.47&#8243;][\/et_pb_wc_cart_notice][\/et_pb_column][\/et_pb_row][et_pb_row _builder_version=&#8221;3.25&#8243; background_size=&#8221;initial&#8221; background_position=&#8221;top_left&#8221; background_repeat=&#8221;repeat&#8221; width=&#8221;100%&#8221; custom_padding=&#8221;0px||||false|false&#8221; column_structure=&#8221;1_2,1_2&#8243;][et_pb_column type=&#8221;1_2&#8243; _builder_version=&#8221;3.25&#8243; custom_padding=&#8221;|||&#8221; custom_padding__hover=&#8221;|||&#8221;][et_pb_wc_images _builder_version=&#8221;3.0.47&#8243;][\/et_pb_wc_images][\/et_pb_column][et_pb_column type=&#8221;1_2&#8243; _builder_version=&#8221;3.25&#8243; custom_padding=&#8221;|||&#8221; custom_padding__hover=&#8221;|||&#8221;][et_pb_wc_title _builder_version=&#8221;3.0.47&#8243;][\/et_pb_wc_title][et_pb_wc_rating _builder_version=&#8221;3.0.47&#8243;][\/et_pb_wc_rating][et_pb_wc_price _builder_version=&#8221;3.0.47&#8243;][\/et_pb_wc_price][et_pb_wc_description _builder_version=&#8221;3.0.47&#8243;][\/et_pb_wc_description][et_pb_wc_add_to_cart _builder_version=&#8221;3.0.47&#8243;][\/et_pb_wc_add_to_cart][et_pb_wc_meta _builder_version=&#8221;3.0.47&#8243;][\/et_pb_wc_meta][\/et_pb_column][\/et_pb_row][et_pb_row _builder_version=&#8221;3.25&#8243; background_size=&#8221;initial&#8221; background_position=&#8221;top_left&#8221; background_repeat=&#8221;repeat&#8221; width=&#8221;100%&#8221;][et_pb_column type=&#8221;4_4&#8243; _builder_version=&#8221;3.25&#8243; custom_padding=&#8221;|||&#8221; custom_padding__hover=&#8221;|||&#8221;][et_pb_wc_tabs _builder_version=&#8221;3.0.47&#8243;]\t\t\t\t\t[\/et_pb_wc_tabs][et_pb_wc_upsells _builder_version=&#8221;3.0.47&#8243;][\/et_pb_wc_upsells][et_pb_wc_related_products _builder_version=&#8221;3.0.47&#8243;][\/et_pb_wc_related_products][\/et_pb_column][\/et_pb_row][\/et_pb_section][et_pb_section fb_built=&#8221;1&#8243; _builder_version=&#8221;3.22&#8243;][et_pb_row _builder_version=&#8221;3.25&#8243; background_size=&#8221;initial&#8221; background_position=&#8221;top_left&#8221; background_repeat=&#8221;repeat&#8221;][et_pb_column type=&#8221;4_4&#8243; _builder_version=&#8221;3.25&#8243; custom_padding=&#8221;|||&#8221; custom_padding__hover=&#8221;|||&#8221;][et_pb_text _builder_version=&#8221;3.27.4&#8243; background_size=&#8221;initial&#8221; background_position=&#8221;top_left&#8221; background_repeat=&#8221;repeat&#8221;]Alkoholgehalt: 11.5 % Vol.<\/p>\n<p>Speiseempfehlung: Aperitif, Fisch und Meeresfr\u00fcchte<\/p>\n<p>Empfohlene Trinktemperatur: 6-8 \u00b0 C<\/p>\n<p><img decoding=\"async\" loading=\"lazy\" class=\"alignnone wp-image-890\" src=\"http:\/\/hundertweinhaus.fodof.eu\/wp-content\/uploads\/2017\/04\/Rajzt\u00e1bla-4-m\u00e1solat-300x300.jpg\" alt=\"\" width=\"99\" height=\"99\" srcset=\"https:\/\/hundertweinhaus.com\/wp-content\/uploads\/2017\/04\/Rajzt\u00e1bla-4-m\u00e1solat-300x300.jpg 300w, https:\/\/hundertweinhaus.com\/wp-content\/uploads\/2017\/04\/Rajzt\u00e1bla-4-m\u00e1solat-400x400.jpg 400w, https:\/\/hundertweinhaus.com\/wp-content\/uploads\/2017\/04\/Rajzt\u00e1bla-4-m\u00e1solat-100x100.jpg 100w, https:\/\/hundertweinhaus.com\/wp-content\/uploads\/2017\/04\/Rajzt\u00e1bla-4-m\u00e1solat-150x150.jpg 150w, https:\/\/hundertweinhaus.com\/wp-content\/uploads\/2017\/04\/Rajzt\u00e1bla-4-m\u00e1solat.jpg 500w\" sizes=\"(max-width: 99px) 100vw, 99px\" \/><img decoding=\"async\" loading=\"lazy\" class=\"alignnone wp-image-903\" src=\"http:\/\/hundertweinhaus.fodof.eu\/wp-content\/uploads\/2017\/04\/Rajzt\u00e1bla-4-m\u00e1solat-10-300x300.jpg\" alt=\"\" width=\"99\" height=\"99\" srcset=\"https:\/\/hundertweinhaus.com\/wp-content\/uploads\/2017\/04\/Rajzt\u00e1bla-4-m\u00e1solat-10-300x300.jpg 300w, https:\/\/hundertweinhaus.com\/wp-content\/uploads\/2017\/04\/Rajzt\u00e1bla-4-m\u00e1solat-10-400x400.jpg 400w, https:\/\/hundertweinhaus.com\/wp-content\/uploads\/2017\/04\/Rajzt\u00e1bla-4-m\u00e1solat-10-100x100.jpg 100w, https:\/\/hundertweinhaus.com\/wp-content\/uploads\/2017\/04\/Rajzt\u00e1bla-4-m\u00e1solat-10-150x150.jpg 150w, https:\/\/hundertweinhaus.com\/wp-content\/uploads\/2017\/04\/Rajzt\u00e1bla-4-m\u00e1solat-10.jpg 500w\" sizes=\"(max-width: 99px) 100vw, 99px\" \/><img decoding=\"async\" loading=\"lazy\" class=\"alignnone wp-image-902\" src=\"http:\/\/hundertweinhaus.fodof.eu\/wp-content\/uploads\/2017\/04\/Rajzt\u00e1bla-4-m\u00e1solat-9-300x300.jpg\" alt=\"\" width=\"99\" height=\"99\" srcset=\"https:\/\/hundertweinhaus.com\/wp-content\/uploads\/2017\/04\/Rajzt\u00e1bla-4-m\u00e1solat-9-300x300.jpg 300w, https:\/\/hundertweinhaus.com\/wp-content\/uploads\/2017\/04\/Rajzt\u00e1bla-4-m\u00e1solat-9-400x400.jpg 400w, https:\/\/hundertweinhaus.com\/wp-content\/uploads\/2017\/04\/Rajzt\u00e1bla-4-m\u00e1solat-9-100x100.jpg 100w, https:\/\/hundertweinhaus.com\/wp-content\/uploads\/2017\/04\/Rajzt\u00e1bla-4-m\u00e1solat-9-150x150.jpg 150w, https:\/\/hundertweinhaus.com\/wp-content\/uploads\/2017\/04\/Rajzt\u00e1bla-4-m\u00e1solat-9.jpg 500w\" sizes=\"(max-width: 99px) 100vw, 99px\" \/><br \/>\n[\/et_pb_text][\/et_pb_column][\/et_pb_row][\/et_pb_section]<\/p>\n","protected":false},"excerpt":{"rendered":"<p>Ein echter Don Juan versteckt hinter subtilen Eleganz. Das komplexe, reichhaltige Aroma und die Robustheit erhebt die Hungaria Grande Cuv\u00e9e Brut unter den Schaumweinen, die sich bereits bew\u00e4hrt haben. Eine reife, brut Sekt f\u00fcr diejenigen, die genau wissen, was sie wollen. Es ist Stroh gef\u00e4rbt mit einem Hauch von gr\u00fcnen Highlights und es hat feine S\u00e4ure. Diese Qualit\u00e4ten geben Ihnen Vertrauen in jede Situation; Die definierende Gesch\u00e4ftsm\u00f6glichkeit Ihres Lebens oder eine Cocktailparty mit all den gro\u00dfen Aufnahmen um dich herum. Sein Geschmack wird mit dem Geschmack von Apfel und Pfirsich erg\u00e4nzt.<\/p>\n","protected":false},"featured_media":1133,"comment_status":"open","ping_status":"closed","template":"","meta":{"_et_pb_use_builder":"on","_et_pb_old_content":"Alkoholgehalt: 11.5 % Vol.\r\n\r\nSpeiseempfehlung: Aperitif, Fisch und Meeresfr\u00fcchte\r\n\r\nEmpfohlene Trinktemperatur: 6-8 \u00b0 C\r\n\r\n<img class=\"alignnone wp-image-890\" src=\"http:\/\/hundertweinhaus.fodof.eu\/wp-content\/uploads\/2017\/04\/Rajzt\u00e1bla-4-m\u00e1solat-300x300.jpg\" alt=\"\" width=\"99\" height=\"99\" \/><img class=\"alignnone wp-image-903\" src=\"http:\/\/hundertweinhaus.fodof.eu\/wp-content\/uploads\/2017\/04\/Rajzt\u00e1bla-4-m\u00e1solat-10-300x300.jpg\" alt=\"\" width=\"99\" height=\"99\" \/><img class=\"alignnone wp-image-902\" src=\"http:\/\/hundertweinhaus.fodof.eu\/wp-content\/uploads\/2017\/04\/Rajzt\u00e1bla-4-m\u00e1solat-9-300x300.jpg\" alt=\"\" width=\"99\" height=\"99\" \/>","_et_gb_content_width":""},"_links":{"self":[{"href":"https:\/\/hundertweinhaus.com\/index.php?rest_route=\/wp\/v2\/product\/653"}],"collection":[{"href":"https:\/\/hundertweinhaus.com\/index.php?rest_route=\/wp\/v2\/product"}],"about":[{"href":"https:\/\/hundertweinhaus.com\/index.php?rest_route=\/wp\/v2\/types\/product"}],"replies":[{"embeddable":true,"href":"https:\/\/hundertweinhaus.com\/index.php?rest_route=%2Fwp%2Fv2%2Fcomments&post=653"}],"wp:featuredmedia":[{"embeddable":true,"href":"https:\/\/hundertweinhaus.com\/index.php?rest_route=\/wp\/v2\/media\/1133"}],"wp:attachment":[{"href":"https:\/\/hundertweinhaus.com\/index.php?rest_route=%2Fwp%2Fv2%2Fmedia&parent=653"}],"curies":[{"name":"wp","href":"https:\/\/api.w.org\/{rel}","templated":true}]}}